{"id":27,"date":"2018-05-09T12:25:12","date_gmt":"2018-05-09T12:25:12","guid":{"rendered":"http:\/\/tfm-qes.recursos.uoc.edu\/tesisdoctorals\/?page_id=27"},"modified":"2022-08-24T15:02:05","modified_gmt":"2022-08-24T15:02:05","slug":"demo","status":"publish","type":"page","link":"http:\/\/tfm-qes.recursos.uoc.edu\/tesis-doctorals\/","title":{"rendered":"Tesis doctorals"},"content":{"rendered":"<p>En aquesta secci\u00f3 presentem una selecci\u00f3 de tesis doctorals entorn del tema de la qualitat en educaci\u00f3 superior. Aquestes tesis aprofundeixen en diferents aspectes de la qualitat amb diversos enfocaments i representen una font d\u2019inspiraci\u00f3 i de consulta per a elaborar els vostres TFM. Podreu identificar-hi problemes d\u2019inter\u00e8s per a \u00e0mbits d\u2019aplicaci\u00f3 propers a la realitat iberoamericana. Una consulta d\u2019aquests textos us informar\u00e0 de teories, conceptes, marcs, est\u00e0ndards, enfocaments, metodologies, resultats i pistes d\u2019indagacions obertes.<\/p>\n<p>Aquest llistat presenta algunes de les tesis que considerem rellevants per tem\u00e0tiques i actualitat per\u00f2 no ha d&#8217;interpretar-se com a completa o definitiva. Us convidem a seguir buscant altres treballs de les bases de tesis consultades <a href=\"http:\/\/www.tesisenred.net\/?locale-attribute=ca_ES\" target=\"_blank\" rel=\"noopener\">TDX<\/a>\/<a href=\"http:\/\/www.tesisenred.net\/?locale-attribute=es\" target=\"_blank\" rel=\"noopener\">TDR<\/a> i <a href=\"https:\/\/www.educacion.gob.es\/teseo\/irGestionarConsulta.do\" target=\"_blank\" rel=\"noopener\">TESEO<\/a>.<\/p>\n<div class=\"featured featured-blue\"><\/p>\n<p><strong>1. <em>Quality, efficiency and customer orientation in higher education<\/em><\/strong><\/p>\n<p>Autoria: Adriana Morales Rodr\u00edguez<\/p>\n<p>Institut; departament: Universitat Aut\u00f2noma de Barcelona, Departament d\u2019Economia de l\u2019Empresa.<\/p>\n<p>Data de defensa: 2016<\/p>\n<p>Paraules clau: educaci\u00f3 superior; educaci\u00f3n superior; higher education; qualitat; calidad; quality; \u00edndex de productivitat de Malmquist; \u00edndice de productividad de Malmquist; Malmquist productivity index.<\/p>\n<p>URL: <a href=\"http:\/\/www.tdx.cat\/handle\/10803\/400659\" target=\"_blank\" rel=\"noopener\">http:\/\/www.tdx.cat\/handle\/10803\/400659<\/a><\/p>\n<p>\n<\/div>\n<div class=\"featured featured-grey\"><\/p>\n<p><strong>2. <em>La calidad de la educaci\u00f3n superior en perspectiva comparada: propuesta de un modelo de autoevaluaci\u00f3n dentro del sistema de garant\u00eda interna de la calidad de las universidades<\/em><\/strong><\/p>\n<p>Autoria: Wilson Daniel Palacios Garc\u00eda<\/p>\n<p>Institut; departament: Universidad Aut\u00f3noma de Madrid, Departamento de Did\u00e1ctica y Teor\u00eda de la Educaci\u00f3n.<\/p>\n<p>Data de defensa: 2013<\/p>\n<p>Paraules clau: ense\u00f1anza universitaria; control de calidad; estudios comparados.<\/p>\n<p>URL: <a href=\"http:\/\/hdl.handle.net\/10486\/14258\" target=\"_blank\" rel=\"noopener\">http:\/\/hdl.handle.net\/10486\/14258<\/a><\/p>\n<p>\n<\/div>\n<div class=\"featured featured-blue\"><\/p>\n<p><strong>3. <em>Calidad y satisfacci\u00f3n de los estudiantes europeos de educaci\u00f3n superior. Construcci\u00f3n de una escala de medida de la calidad de servicio presencial y electr\u00f3nico<\/em><\/strong><\/p>\n<p>Autoria: Jos\u00e9 Ortega Mohedano<\/p>\n<p>Institut; departament: Departamento de Did\u00e1ctica, Organizaci\u00f3n y M\u00e9todos de Investigaci\u00f3n, \u00c1rea de M\u00e9todos de Investigaci\u00f3n y Diagn\u00f3stico en Educaci\u00f3n, Universidad de Salamanca.<\/p>\n<p>Data de defensa: 2015<\/p>\n<p>Paraules clau: tesis y disertaciones acad\u00e9micas; Universidad de Salamanca (Espa\u00f1a); academic dissertations; educaci\u00f3n superior; materias.<\/p>\n<p>URL: <a href=\"http:\/\/hdl.handle.net\/11162\/180485\" target=\"_blank\" rel=\"noopener\">http:\/\/hdl.handle.net\/11162\/180485 <\/a><\/p>\n<p>\n<\/div>\n<div class=\"featured featured-grey\"><\/p>\n<p><strong>4. <em>The internal quality assurance as an instrument for the integration and improving of higher education: Analysis of best practices in the European Union and Latin America<\/em><\/strong><\/p>\n<p>Autoria: Marco Antonio Flores Mavil<\/p>\n<p>Institut; departament: Universitat Aut\u00f2noma de Barcelona, Departament de Dret P\u00fablic i de Ci\u00e8ncies Historicojur\u00eddiques.<\/p>\n<p>Data de defensa: 2013<\/p>\n<p>Paraules clau: quality assurances; internal quality assurance systems; higher education institutions.<\/p>\n<p>URL: <a href=\"http:\/\/www.tdx.cat\/handle\/10803\/129473\" target=\"_blank\" rel=\"noopener\">http:\/\/www.tdx.cat\/handle\/10803\/129473<\/a><\/p>\n<p>\n<\/div>\n<div class=\"featured featured-blue\"><\/p>\n<p><strong>5. <em>Evaluaci\u00f3n de la calidad en educaci\u00f3n superior<\/em><\/strong><\/p>\n<p>Autoria: Rodrigo Ospina Duque<\/p>\n<p>Direcci\u00f3n\/Institut; departament: Universidad Complutense de Madrid, Facultad de Educaci\u00f3n, Departamento de Did\u00e1ctica y Organizaci\u00f3n Escolar.<\/p>\n<p>Data de defensa: 2011<\/p>\n<p>Paraules clau: did\u00e1ctica; organizaci\u00f3n escolar; ense\u00f1anza universitaria.<\/p>\n<p>URL: <a href=\"http:\/\/eprints.ucm.es\/12202\/\" target=\"_blank\" rel=\"noopener\">http:\/\/eprints.ucm.es\/12202\/<\/a><\/p>\n<p>\n<\/div>\n<div class=\"featured featured-grey\"><\/p>\n<p><strong>6. <em>Creaci\u00f3n y establecimiento de est\u00e1ndares para la evaluaci\u00f3n de la calidad de la educaci\u00f3n superior: un modelo adaptado a los centros universitarios regionales de la Udelar<\/em><\/strong><\/p>\n<p>Autoria: Pilar Cecilia Rodr\u00edguez Morales<\/p>\n<p>Institut; departament: Universidad Nacional de Educaci\u00f3n a Distancia (Espa\u00f1a), Facultad de Educaci\u00f3n, Departamento de M\u00e9todos de Investigaci\u00f3n y Diagn\u00f3stico en Educaci\u00f3n.<\/p>\n<p>Data de defensa: 2015<\/p>\n<p>URL: <a href=\"http:\/\/e-spacio.uned.es\/fez\/view\/tesisuned:Educacion-Pcrodriguez\" target=\"_blank\" rel=\"noopener\">http:\/\/e-spacio.uned.es\/fez\/view\/tesisuned:Educacion-Pcrodriguez<\/a><\/p>\n<p>\n<\/div>\n<div class=\"featured featured-blue\"><\/p>\n<p><strong>7. <em>Marketing en los servicios de educaci\u00f3n: modelos de percepci\u00f3n de calidad<\/em><\/strong><\/p>\n<p>Autoria: Gon\u00e7alo Nuno Caetano Alves<\/p>\n<p>Direcci\u00f3n\/Institut; departament: Facultad de Ciencias Econ\u00f3micas y Empresariales. Departamento de Comercializaci\u00f3n e Investigaci\u00f3n de Mercados, Universidad Complutense de Madrid<\/p>\n<p>Data de defensa: 2003<\/p>\n<p>Paraules clau: marketing; control estad\u00edstico de la calidad; ense\u00f1anza universitaria.<\/p>\n<p>URL: <a href=\"http:\/\/hdl.handle.net\/11162\/42422\" target=\"_blank\" rel=\"noopener\">http:\/\/hdl.handle.net\/11162\/42422<\/a> \/<\/p>\n<p>\n<\/div>\n<div class=\"featured featured-grey\"><\/p>\n<p><strong>8. <em>Los sistemas de garant\u00eda de calidad en la educaci\u00f3n superior en Espa\u00f1a. Propuesta de un modelo de acreditaci\u00f3n para las titulaciones de grado en empresa<\/em><\/strong><\/p>\n<p>Autoria: Pablo Arranz Val<\/p>\n<p>Institut; departament: Universidad de Burgos, Departamento de Econom\u00eda y Administraci\u00f3n de Empresas.<\/p>\n<p>Data de defensa: 2007<\/p>\n<p>Paraules clau: garant\u00eda de la calidad; acreditaci\u00f3n; titulaciones; educaci\u00f3n superior; quality assurance; accreditation; degree; higher education; ense\u00f1anza superior; education, higher; empresas-gesti\u00f3n; industrial management.<\/p>\n<p>URL: <a href=\"http:\/\/www.redage.org\/publicaciones\/los-sistemas-de-garantia-de-calidad-en-la-educacion-superior-en-espana-propuesta-de-un\" target=\"_blank\" rel=\"noopener\">http:\/\/www.redage.org\/publicaciones\/los-sistemas-de-garantia-de-calidad-en-la-educacion-superior-en-espana-propuesta-de-un<\/a><\/p>\n<p>\n<\/div>\n<div class=\"featured featured-blue\"><\/p>\n<p><strong>9. <em>La Orientaci\u00f3n y la Tutor\u00eda universitaria como elementos de calidad e innovaci\u00f3n en la Educaci\u00f3n Superior. Modelo de Acci\u00f3n Tutorial<\/em><\/strong><\/p>\n<p>Autoria: Mar\u00eda Isabel Amor Almedina<\/p>\n<p>Institut; departament: Facultad de Ciencias de la Educaci\u00f3n, Departamento de Educaci\u00f3n, Universidad de C\u00f3rdoba.<\/p>\n<p>Paraules clau: orientaci\u00f3n educativa; educaci\u00f3n superior; tutor\u00eda; calidad.<\/p>\n<p>Data de defensa: 2012<\/p>\n<p>URL: <a href=\"http:\/\/helvia.uco.es\/xmlui\/handle\/10396\/7665\" target=\"_blank\" rel=\"noopener\">http:\/\/helvia.uco.es\/xmlui\/handle\/10396\/7665<\/a><\/p>\n<p>\n<\/div>\n<div class=\"featured featured-grey\"><\/p>\n<p><strong>10. <em>Construcci\u00f3n de un modelo de evaluaci\u00f3n de la calidad de la ense\u00f1anza universitaria desde el punto de vista de los alumnos<\/em><\/strong><\/p>\n<p>Autoria: Asmaa Hasan Khalil Hamdan<\/p>\n<p>Institut; departament: Facultad de Ciencias de la Educaci\u00f3n, Departamento de Educaci\u00f3n, Universidad de C\u00f3rdoba.<\/p>\n<p>Paraules clau: evaluaci\u00f3n de la calidad; modelos de evaluaci\u00f3n; educaci\u00f3n superior; universidades; alumnado universitario; Universidad de C\u00f3rdoba; criterios de calidad; indicadores de calidad.<\/p>\n<p>Data de defensa: 2013<\/p>\n<p>URL: <a href=\"http:\/\/helvia.uco.es\/xmlui\/handle\/10396\/11048\" target=\"_blank\" rel=\"noopener\">http:\/\/helvia.uco.es\/xmlui\/handle\/10396\/11048<\/a><\/p>\n<p>\n<\/div>\n<div class=\"featured featured-blue\"><\/p>\n<p><strong>11. <em>La formaci\u00f3n de los estudiantes y la responsabilidad social. Sistema de indicadores en un modelo de gesti\u00f3n de la calidad en educaci\u00f3n superior<\/em><\/strong><\/p>\n<p>Autoria: Alejandra Mart\u00ednez D\u00edaz<\/p>\n<p>Institut; departament: Universitat de Barcelona, Departament de Teoria i Hist\u00f2ria de l\u2019Educaci\u00f3.<\/p>\n<p>Paraules clau: educaci\u00f3 superior; ense\u00f1anza superior; higher education; qualitat de l\u2019ensenyament; calidad de la ense\u00f1anza; educational quality; educaci\u00f3 moral; educaci\u00f3n moral; moral education.<\/p>\n<p>Data de defensa: febrero de 2017<\/p>\n<p>URL: <a href=\"http:\/\/www.tdx.cat\/handle\/10803\/402105\" target=\"_blank\" rel=\"noopener\">http:\/\/www.tdx.cat\/handle\/10803\/402105<\/a><\/p>\n<p>\n<\/div>\n<div class=\"featured featured-grey\"><\/p>\n<p><strong>12. <em>Educaci\u00f3n superior universitaria: calidad percibida y satisfacci\u00f3n de los egresados<\/em><\/strong><\/p>\n<p>Autoria: Manuel Pereira Puga<\/p>\n<p>Institut; departament: Universidade da Coru\u00f1a, Departamento de Sociolox\u00eda e Ciencia Pol\u00edtica da Administraci\u00f3n.<\/p>\n<p>Paraules clau: Universidade da Coru\u00f1a; estudiantes diplomados; educaci\u00f3n superior; Galicia; A Coru\u00f1a; calidad; control.<\/p>\n<p>Data de defensa: 2014<\/p>\n<p>URL: <a href=\"http:\/\/ruc.udc.es\/dspace\/handle\/2183\/12349\" target=\"_blank\" rel=\"noopener\">http:\/\/ruc.udc.es\/dspace\/handle\/2183\/12349<\/a><\/p>\n<p>\n<\/div>\n<div class=\"featured featured-blue\"><\/p>\n<p><strong>13. <em>Sistemas de garant\u00eda de calidad en el Espacio Europeo de Educaci\u00f3n Superior: Discurso pol\u00edtico, percepciones y pr\u00e1cticas<\/em><\/strong><\/p>\n<p>Autoria: Carlos Alfonso Romero Rostagno<\/p>\n<p>Institut; departament: Ciencias de la Educaci\u00f3n, Universidad de Zaragoza.<\/p>\n<p>Paraules clau: educaci\u00f3n superior; pol\u00edtica educativa; historia de la educaci\u00f3n.<\/p>\n<p>Data de defensa: 2014<\/p>\n<p>URL: <a href=\"http:\/\/zaguan.unizar.es\/record\/13525#\" target=\"_blank\" rel=\"noopener\">http:\/\/zaguan.unizar.es\/record\/13525#<\/a><\/p>\n<p>\n<\/div>\n<div class=\"featured featured-grey\"><\/p>\n<p><strong>14. <em>Evaluaci\u00f3n-acreditaci\u00f3n de la educaci\u00f3n superior en el Ecuador, metaevaluaci\u00f3n y gesti\u00f3n acad\u00e9mica de calidad<\/em><\/strong><\/p>\n<p>Autoria: Galo Naranjo L\u00f3pez<\/p>\n<p>Institut; departament: Centro de Formaci\u00f3n del Profesorado, Facultad de Educaci\u00f3n, Universidad Complutense de Madrid.<\/p>\n<p>Data de defensa: 2015<\/p>\n<p>URL: <a href=\"http:\/\/eprints.ucm.es\/40432\/\" target=\"_blank\" rel=\"noopener\">http:\/\/eprints.ucm.es\/40432\/<\/a><\/p>\n<p>\n<\/div>\n<div class=\"featured featured-blue\"><\/p>\n<p><strong>15. <em>Calidad de Servicio en Educaci\u00f3n Superior a Distancia<\/em><\/strong><\/p>\n<p>Autoria: Luis Andr\u00e9s Araya Castillo<\/p>\n<p>Institut; departament: Universitat de Barcelona. Facultat d&#8217;Economia i Empresa.<\/p>\n<p>Paraules clau: Universitats; Universidades; Universities; Ensenyament a dist\u00e0ncia; Ense\u00f1anza a distancia; Distance education; Campus virtuals; Campus virtuales; Virtual campuses; Qualitat total; Calidad total; Total quality management; Direcci\u00f3 d&#8217;empreses.<\/p>\n<p>Data de defensa: 2017<\/p>\n<p>URL: <a href=\"http:\/\/www.tdx.cat\/handle\/10803\/463049\" target=\"_blank\" rel=\"noopener\">http:\/\/www.tdx.cat\/handle\/10803\/463049<\/a><\/p>\n<p>\n<\/div>\n<div class=\"featured featured-grey\"><\/p>\n<p><strong>16. <em>An\u00e1lisis del proceso comunicativo de la Agencia aseguradora de la calidad del sistema de educaci\u00f3n superior ecuatoriano: propuesta de un proyecto de reforma a la Ley Org\u00e1nica de Educaci\u00f3n Superior<\/em><\/strong><\/p>\n<p>Autoria: Guillermo Jacinto Santa Mar\u00eda-Su\u00e1rez<\/p>\n<p>Institut; departament: Universitat de Barcelona. Departament de Biblioteconomia, Documentaci\u00f3 i Comunicaci\u00f3 Audiovisual.<\/p>\n<p>Data de defensa: 2019<\/p>\n<p>Paraules clau: <span style=\"font-weight: 400\">Educaci\u00f3 superior; Ense\u00f1anza superior; Higher education; Qualitat de l&#8217;ensenyament; Calidad de la ense\u00f1anza; Educational quality; Avaluaci\u00f3 de sistemes educatius; Evaluaci\u00f3n de sistemas educativos; Educational systems evaluation; Equador; Ecuador.<\/span><\/p>\n<p>URL: <a href=\"http:\/\/hdl.handle.net\/10803\/672626\" target=\"_blank\" rel=\"noopener\">http:\/\/hdl.handle.net\/10803\/672626<\/a><\/p>\n<p>\n<\/div>\n<div class=\"featured featured-blue\"><\/p>\n<p><strong>17. <em>Tecnolog\u00edas de Informaci\u00f3n (TIC) como factor de \u00e9xito en la calidad de la docencia universitaria ecuatoriana<\/em><\/strong><\/p>\n<p>Autoria: Tania Ca\u00f1arte Rodr\u00edguez<\/p>\n<p>Institut; departament: Universitat Jaume I. Escola de Doctorat.<\/p>\n<p>Data de defensa: 2021<\/p>\n<p>Paraules clau: Tecnolog\u00edas; Informaci\u00f3n; Factor de \u00e9xito; Calidad; Docencia universitaria.<\/p>\n<p>URL: <a href=\"https:\/\/tdx.cat\/handle\/10803\/671569#page=1\" target=\"_blank\" rel=\"noopener\">https:\/\/tdx.cat\/handle\/10803\/671569#page=1<\/a><\/p>\n<p>\n<\/div>\n<div class=\"featured featured-grey\"><\/p>\n<p><strong>18. <em>\u00bf&#8221;Educaci\u00f3n de calidad&#8221; en Chile? Su representaci\u00f3n social en estudiantes y docentes universitarios<\/em><\/strong><\/p>\n<p>Autoria: Joan Calventus Salvador<\/p>\n<p>Institut; departament: Universitat de Barcelona. Departament de Teoria i Hist\u00f2ria de l&#8217;Educaci\u00f3.<\/p>\n<p>Data de defensa: 2020<\/p>\n<p>Paraules clau: <span style=\"font-weight: 400\">Xile; Chile; Qualitat de l&#8217;ensenyament; Calidad de la ense\u00f1anza; Educational quality; Representacions socials; Representaciones sociales; Social representation; Lexicografia; Lexicograf\u00eda; Lexicography; Hermen\u00e8utica; Hermen\u00e9utica; Hermeneutics.<\/span><\/p>\n<p>URL: <a href=\"http:\/\/hdl.handle.net\/10803\/671569\" target=\"_blank\" rel=\"noopener\">http:\/\/hdl.handle.net\/10803\/671569<\/a><\/p>\n<p>\n<\/div>\n<div class=\"featured featured-blue\"><\/p>\n<p><strong>19. <em>El impacto del efecto pa\u00eds de origen en la calidad percibida y la satisfacci\u00f3n aplicado en la Educaci\u00f3n Superior<\/em><\/strong><\/p>\n<p>Autoria: Mar\u00eda Claudia Rivera Prado<\/p>\n<p>Institut; departament: Universitat de Val\u00e8ncia. Comercializaci\u00f3n e investigaci\u00f3n de mercados.<\/p>\n<p>Data de defensa: 2021<\/p>\n<p>URL: <a href=\"https:\/\/www.educacion.gob.es\/teseo\/mostrarRef.do?ref=2076888\" target=\"_blank\" rel=\"noopener\">https:\/\/www.educacion.gob.es\/teseo\/mostrarRef.do?ref=2076888<\/a><\/p>\n<p>\n<\/div>\n<div class=\"featured featured-grey\"><\/p>\n<p><strong>20. <em>An\u00e1lisis de las din\u00e1micas de producci\u00f3n de conocimiento cient\u00edfico bajo el sistema de evaluaci\u00f3n de la calidad de la educaci\u00f3n superior y la ciencia<\/em><\/strong><\/p>\n<p>Autoria: Carmen Corona Sobrino<\/p>\n<p>Institut; departament: Universitat de Val\u00e8ncia. Sociolog\u00eda y antropolog\u00eda social.<\/p>\n<p>Data de defensa: 2021<\/p>\n<p>URL: <a href=\"https:\/\/www.educacion.gob.es\/teseo\/mostrarRef.do?ref=194909\" target=\"_blank\" rel=\"noopener\">https:\/\/www.educacion.gob.es\/teseo\/mostrarRef.do?ref=194909<\/a><\/p>\n<p>\n<\/div>\n<div class=\"featured featured-blue\"><\/p>\n<p><strong>21. <em>Calidad e inclusi\u00f3n social en la educaci\u00f3n superior argentina: un estudio sobre las relaciones entre el estado y la universidad en la poscrisis (2003-2010)<\/em><\/strong><\/p>\n<p>Autoria: Jorge Alberto Flores Reyes<\/p>\n<p>Institut; departament: Universidad de Alcal\u00e1. Ciencias de la Educaci\u00f3n.<\/p>\n<p>Data de defensa: 2018<\/p>\n<p>URL: <a href=\"https:\/\/www.educacion.gob.es\/teseo\/mostrarRef.do?ref=444519\" target=\"_blank\" rel=\"noopener\">https:\/\/www.educacion.gob.es\/teseo\/mostrarRef.do?ref=444519<\/a><\/p>\n<p>\n<\/div>\n<div class=\"featured featured-grey\"><\/p>\n<p><strong>22. <em>Auditor\u00eda Universitaria y Calidad<\/em><\/strong><\/p>\n<p>Autoria: Pilar Jim\u00e9nez Tello<\/p>\n<p>Institut; departament: Universitat Aut\u00f2noma de Barcelona. Departament de Dret P\u00fablic i de Ci\u00e8ncies Historicojur\u00eddiques.<\/p>\n<p>Data de defensa: 2007<\/p>\n<p>URL: <a href=\"http:\/\/hdl.handle.net\/10803\/5233\" target=\"_blank\" rel=\"noopener\">http:\/\/hdl.handle.net\/10803\/5233<\/a><\/p>\n<p>\n<\/div>\n","protected":false},"excerpt":{"rendered":"<p>En aquesta secci\u00f3 presentem una selecci\u00f3 de tesis doctorals entorn del tema de la qualitat en educaci\u00f3 superior. Aquestes tesis aprofundeixen en diferents aspectes de la qualitat amb diversos enfocaments i representen una font d\u2019inspiraci\u00f3 i de consulta per a elaborar els vostres TFM. Podreu identificar-hi problemes d\u2019inter\u00e8s per a \u00e0mbits d\u2019aplicaci\u00f3 propers a la [&hellip;]<\/p>\n","protected":false},"author":1,"featured_media":0,"parent":0,"menu_order":0,"comment_status":"closed","ping_status":"closed","template":"","meta":[],"_links":{"self":[{"href":"http:\/\/tfm-qes.recursos.uoc.edu\/tesis-doctorals\/wp-json\/wp\/v2\/pages\/27"}],"collection":[{"href":"http:\/\/tfm-qes.recursos.uoc.edu\/tesis-doctorals\/wp-json\/wp\/v2\/pages"}],"about":[{"href":"http:\/\/tfm-qes.recursos.uoc.edu\/tesis-doctorals\/wp-json\/wp\/v2\/types\/page"}],"author":[{"embeddable":true,"href":"http:\/\/tfm-qes.recursos.uoc.edu\/tesis-doctorals\/wp-json\/wp\/v2\/users\/1"}],"replies":[{"embeddable":true,"href":"http:\/\/tfm-qes.recursos.uoc.edu\/tesis-doctorals\/wp-json\/wp\/v2\/comments?post=27"}],"version-history":[{"count":13,"href":"http:\/\/tfm-qes.recursos.uoc.edu\/tesis-doctorals\/wp-json\/wp\/v2\/pages\/27\/revisions"}],"predecessor-version":[{"id":60,"href":"http:\/\/tfm-qes.recursos.uoc.edu\/tesis-doctorals\/wp-json\/wp\/v2\/pages\/27\/revisions\/60"}],"wp:attachment":[{"href":"http:\/\/tfm-qes.recursos.uoc.edu\/tesis-doctorals\/wp-json\/wp\/v2\/media?parent=27"}],"curies":[{"name":"wp","href":"https:\/\/api.w.org\/{rel}","templated":true}]}}