{"id":27,"date":"2018-05-09T12:25:12","date_gmt":"2018-05-09T12:25:12","guid":{"rendered":"http:\/\/tfm-qes.recursos.uoc.edu\/laveudelsexperts\/?page_id=27"},"modified":"2018-07-05T11:38:50","modified_gmt":"2018-07-05T11:38:50","slug":"demo","status":"publish","type":"page","link":"http:\/\/tfm-qes.recursos.uoc.edu\/la-veu-dels-experts\/","title":{"rendered":"Introducci\u00f3"},"content":{"rendered":"<p>Hem consultat professors d\u2019universitats de renom, especialistes destacats en reptes, problemes i temes d\u2019inter\u00e8s sobre la qualitat i la innovaci\u00f3 en educaci\u00f3 superior. Aquestes mirades aborden, des de diferents angles i enfocaments, la qualitat i l\u2019horitz\u00f3 de l\u2019educaci\u00f3 universit\u00e0ria. El visionament d\u2019aquests v\u00eddeos pot donar-vos pistes de temes per abordar en el treball de final de m\u00e0ster o orientar-vos en un tema ja identificat.<\/p>\n","protected":false},"excerpt":{"rendered":"<p>Hem consultat professors d\u2019universitats de renom, especialistes destacats en reptes, problemes i temes d\u2019inter\u00e8s sobre la qualitat i la innovaci\u00f3 en educaci\u00f3 superior. Aquestes mirades aborden, des de diferents angles i enfocaments, la qualitat i l\u2019horitz\u00f3 de l\u2019educaci\u00f3 universit\u00e0ria. El visionament d\u2019aquests v\u00eddeos pot donar-vos pistes de temes per abordar en el treball de final [&hellip;]<\/p>\n","protected":false},"author":1,"featured_media":0,"parent":0,"menu_order":0,"comment_status":"closed","ping_status":"closed","template":"","meta":[],"_links":{"self":[{"href":"http:\/\/tfm-qes.recursos.uoc.edu\/la-veu-dels-experts\/wp-json\/wp\/v2\/pages\/27"}],"collection":[{"href":"http:\/\/tfm-qes.recursos.uoc.edu\/la-veu-dels-experts\/wp-json\/wp\/v2\/pages"}],"about":[{"href":"http:\/\/tfm-qes.recursos.uoc.edu\/la-veu-dels-experts\/wp-json\/wp\/v2\/types\/page"}],"author":[{"embeddable":true,"href":"http:\/\/tfm-qes.recursos.uoc.edu\/la-veu-dels-experts\/wp-json\/wp\/v2\/users\/1"}],"replies":[{"embeddable":true,"href":"http:\/\/tfm-qes.recursos.uoc.edu\/la-veu-dels-experts\/wp-json\/wp\/v2\/comments?post=27"}],"version-history":[{"count":4,"href":"http:\/\/tfm-qes.recursos.uoc.edu\/la-veu-dels-experts\/wp-json\/wp\/v2\/pages\/27\/revisions"}],"predecessor-version":[{"id":68,"href":"http:\/\/tfm-qes.recursos.uoc.edu\/la-veu-dels-experts\/wp-json\/wp\/v2\/pages\/27\/revisions\/68"}],"wp:attachment":[{"href":"http:\/\/tfm-qes.recursos.uoc.edu\/la-veu-dels-experts\/wp-json\/wp\/v2\/media?parent=27"}],"curies":[{"name":"wp","href":"https:\/\/api.w.org\/{rel}","templated":true}]}}