{"id":310,"date":"2018-10-03T15:24:52","date_gmt":"2018-10-03T15:24:52","guid":{"rendered":"http:\/\/tfm-qes.recursos.uoc.edu\/guia-del-treball-final-de-master\/?page_id=310"},"modified":"2022-10-06T16:22:18","modified_gmt":"2022-10-06T16:22:18","slug":"3-3-formato-del-tfm","status":"publish","type":"page","link":"http:\/\/tfm-qes.recursos.uoc.edu\/guia-del-treball-final-de-master\/3-3-formato-del-tfm\/","title":{"rendered":"3.3. Format del TFM"},"content":{"rendered":"<p>El document definitiu del TFM pot presentar-se de dues maneres generals: com a &#8220;Informe final&#8221; o com a &#8220;Contribuci\u00f3&#8221;.<\/p>\n<p><strong>Format informe final<\/strong><\/p>\n<p>El TFM en format informe final \u00e9s un document d&#8217;unes 50 p\u00e0gines (entre 25.000 i 30.000 paraules), incloses taules, figures i la bibliografia, a la qual es poden adjuntar els annexos. La tipografia recomanada \u00e9s Calibri, 11 punts, interlineat 1,5; i espai posterior entre par\u00e0grafs de 6 punts.<\/p>\n<ul>\n<li>Portada<\/li>\n<li>Resumen<\/li>\n<li>\u00cdndex<\/li>\n<li>Introducci\u00f3<\/li>\n<li>Fonamentaci\u00f3 te\u00f2rica i conceptual<\/li>\n<li>Contextualitzaci\u00f3 i justificaci\u00f3<\/li>\n<li>Objectius generals i espec\u00edfics<\/li>\n<li>Disseny metodol\u00f2gic<\/li>\n<li>Aspectes \u00e8tics<\/li>\n<li>Resultats<\/li>\n<li>Discussi\u00f3<\/li>\n<li>Conclusions<\/li>\n<li>Refer\u00e8ncies (APA 7)<\/li>\n<li>Annexos<\/li>\n<\/ul>\n<p><strong>Format Contribuci\u00f3<\/strong><\/p>\n<p>Pr\u00e8via autoritzaci\u00f3 del\/la tutor\/a, \u00e9s possible presentar el treball final del M\u00e0ster en forma de \u201ccontribuci\u00f3\u201d.<\/p>\n<p>Aquesta situaci\u00f3 es dona quan l&#8217;estudiant prefereix elaborar una contribuci\u00f3 a confer\u00e8ncia (de naturalesa professional, acad\u00e8mica o cient\u00edfica) o a una revista (professional, o cient\u00edfica).<\/p>\n<p>En aquest sentit, el format \u201ccontribuci\u00f3\u201d es presentar\u00e0 com un compendi dels seg\u00fcents elements::<\/p>\n<ul>\n<li>Portada<\/li>\n<li>Una introducci\u00f3 on es presenti el projecte, la contribuci\u00f3 i la justificaci\u00f3 de l&#8217;opci\u00f3 per la seva elaboraci\u00f3<\/li>\n<li>Un resum global dels resultats obtinguts, discussi\u00f3 i conclusions<\/li>\n<li>La pr\u00f2pia contribuci\u00f3 (comunicaci\u00f3 a congr\u00e9s o article de revista)<\/li>\n<li>Un annex amb les condicions de presentaci\u00f3\/publicaci\u00f3 de l&#8217;esdeveniment o revista.<\/li>\n<\/ul>\n","protected":false},"excerpt":{"rendered":"<p>El document definitiu del TFM pot presentar-se de dues maneres generals: com a &#8220;Informe final&#8221; o com a &#8220;Contribuci\u00f3&#8221;. Format informe final El TFM en format informe final \u00e9s un document d&#8217;unes 50 p\u00e0gines (entre 25.000 i 30.000 paraules), incloses taules, figures i la bibliografia, a la qual es poden adjuntar els annexos. La tipografia [&hellip;]<\/p>\n","protected":false},"author":3,"featured_media":0,"parent":0,"menu_order":0,"comment_status":"closed","ping_status":"closed","template":"","meta":[],"_links":{"self":[{"href":"http:\/\/tfm-qes.recursos.uoc.edu\/guia-del-treball-final-de-master\/wp-json\/wp\/v2\/pages\/310"}],"collection":[{"href":"http:\/\/tfm-qes.recursos.uoc.edu\/guia-del-treball-final-de-master\/wp-json\/wp\/v2\/pages"}],"about":[{"href":"http:\/\/tfm-qes.recursos.uoc.edu\/guia-del-treball-final-de-master\/wp-json\/wp\/v2\/types\/page"}],"author":[{"embeddable":true,"href":"http:\/\/tfm-qes.recursos.uoc.edu\/guia-del-treball-final-de-master\/wp-json\/wp\/v2\/users\/3"}],"replies":[{"embeddable":true,"href":"http:\/\/tfm-qes.recursos.uoc.edu\/guia-del-treball-final-de-master\/wp-json\/wp\/v2\/comments?post=310"}],"version-history":[{"count":6,"href":"http:\/\/tfm-qes.recursos.uoc.edu\/guia-del-treball-final-de-master\/wp-json\/wp\/v2\/pages\/310\/revisions"}],"predecessor-version":[{"id":427,"href":"http:\/\/tfm-qes.recursos.uoc.edu\/guia-del-treball-final-de-master\/wp-json\/wp\/v2\/pages\/310\/revisions\/427"}],"wp:attachment":[{"href":"http:\/\/tfm-qes.recursos.uoc.edu\/guia-del-treball-final-de-master\/wp-json\/wp\/v2\/media?parent=310"}],"curies":[{"name":"wp","href":"https:\/\/api.w.org\/{rel}","templated":true}]}}