{"id":27,"date":"2018-05-09T12:25:12","date_gmt":"2018-05-09T12:25:12","guid":{"rendered":"http:\/\/tfm-qes.recursos.uoc.edu\/guiadeltreballfinaldemaster\/?page_id=27"},"modified":"2024-08-15T04:39:23","modified_gmt":"2024-08-15T04:39:23","slug":"demo","status":"publish","type":"page","link":"http:\/\/tfm-qes.recursos.uoc.edu\/guia-del-treball-final-de-master\/","title":{"rendered":"1. Presentaci\u00f3 i descripci\u00f3"},"content":{"rendered":"<p>Dins del conjunt d\u2019activitats d\u2019aprenentatge que conformen el m\u00e0ster universitari d\u2019Avaluaci\u00f3 i gesti\u00f3 de la qualitat a l\u2019educaci\u00f3 superior, el treball de final de m\u00e0ster (TFM) \u00e9s, sens dubte, una de les m\u00e9s importants. Situat en el tram final de la formaci\u00f3, el TFM es defineix com un treball de car\u00e0cter individual que s\u2019ha de presentar i defensar davant d&#8217;una comissi\u00f3 avaluadora. Permet a l\u2019estudiant aprofundir en un tema del seu inter\u00e8s relacionat amb els continguts del m\u00e0ster. Ha de ser un treball original, fruit de la labor personal de l\u2019estudiant, sota la guia i orientaci\u00f3 d\u2019un\/una tutor\/a. Representa una c\u00e0rrega de dedicaci\u00f3 de 12 cr\u00e8dits ECTS (300 hores). La realitzaci\u00f3 completa del TFM i la seva defensa es porten a terme en els terminis de la sessi\u00f3 de matriculaci\u00f3.<\/p>\n<p>Amb l\u2019elaboraci\u00f3 i defensa del TFM, s\u2019espera que l\u2019estudiant demostri que ha aconseguit els objectius d\u2019aprenentatge i les compet\u00e8ncies treballades en el conjunt de m\u00f2duls, mat\u00e8ries i assignatures del t\u00edtol. De manera concreta, l\u2019estudiant desenvolupa compet\u00e8ncies relacionades amb la planificaci\u00f3, l\u2019an\u00e0lisi, la resoluci\u00f3 de problemes, la comunicaci\u00f3 de resultats i l\u2019autoavaluaci\u00f3.<\/p>\n<p>Aquesta guia inclou les seccions seg\u00fcents: els resultats d&#8217;aprenentatge esperats, la naturalesa i modalitats del treball de final de m\u00e0ster, una descripci\u00f3 dels rols i les funcions, el detall del desenvolupament de l\u2019assignatura, els recursos i l\u2019explicaci\u00f3 del proc\u00e9s d\u2019avaluaci\u00f3. Aix\u00ed mateix, aquesta guia constitueix una eina fonamental per a orientar l\u2019estudiant en l\u2019elaboraci\u00f3 del TFM i per a desenvolupar les compet\u00e8ncies previstes en l\u2019assignatura.<\/p>\n<p>____<br \/>\nDarrera actualitzaci\u00f3 15\/08\/2024<\/p>\n","protected":false},"excerpt":{"rendered":"<p>Dins del conjunt d\u2019activitats d\u2019aprenentatge que conformen el m\u00e0ster universitari d\u2019Avaluaci\u00f3 i gesti\u00f3 de la qualitat a l\u2019educaci\u00f3 superior, el treball de final de m\u00e0ster (TFM) \u00e9s, sens dubte, una de les m\u00e9s importants. Situat en el tram final de la formaci\u00f3, el TFM es defineix com un treball de car\u00e0cter individual que s\u2019ha de [&hellip;]<\/p>\n","protected":false},"author":1,"featured_media":0,"parent":0,"menu_order":0,"comment_status":"closed","ping_status":"closed","template":"","meta":[],"_links":{"self":[{"href":"http:\/\/tfm-qes.recursos.uoc.edu\/guia-del-treball-final-de-master\/wp-json\/wp\/v2\/pages\/27"}],"collection":[{"href":"http:\/\/tfm-qes.recursos.uoc.edu\/guia-del-treball-final-de-master\/wp-json\/wp\/v2\/pages"}],"about":[{"href":"http:\/\/tfm-qes.recursos.uoc.edu\/guia-del-treball-final-de-master\/wp-json\/wp\/v2\/types\/page"}],"author":[{"embeddable":true,"href":"http:\/\/tfm-qes.recursos.uoc.edu\/guia-del-treball-final-de-master\/wp-json\/wp\/v2\/users\/1"}],"replies":[{"embeddable":true,"href":"http:\/\/tfm-qes.recursos.uoc.edu\/guia-del-treball-final-de-master\/wp-json\/wp\/v2\/comments?post=27"}],"version-history":[{"count":12,"href":"http:\/\/tfm-qes.recursos.uoc.edu\/guia-del-treball-final-de-master\/wp-json\/wp\/v2\/pages\/27\/revisions"}],"predecessor-version":[{"id":472,"href":"http:\/\/tfm-qes.recursos.uoc.edu\/guia-del-treball-final-de-master\/wp-json\/wp\/v2\/pages\/27\/revisions\/472"}],"wp:attachment":[{"href":"http:\/\/tfm-qes.recursos.uoc.edu\/guia-del-treball-final-de-master\/wp-json\/wp\/v2\/media?parent=27"}],"curies":[{"name":"wp","href":"https:\/\/api.w.org\/{rel}","templated":true}]}}