{"id":182,"date":"2018-06-06T18:15:21","date_gmt":"2018-06-06T18:15:21","guid":{"rendered":"http:\/\/tfm-qes.recursos.uoc.edu\/guia-del-treball-final-de-master\/?page_id=182"},"modified":"2018-06-06T18:15:21","modified_gmt":"2018-06-06T18:15:21","slug":"6-recursos-i-materials-de-suport-a-laprenentatge","status":"publish","type":"page","link":"http:\/\/tfm-qes.recursos.uoc.edu\/guia-del-treball-final-de-master\/6-recursos-i-materials-de-suport-a-laprenentatge\/","title":{"rendered":"6. Recursos i materials de suport a l\u2019aprenentatge"},"content":{"rendered":"<p>L\u2019assignatura inclou la \u00abGuia del treball de final de m\u00e0ster\u00bb, que constitueix una eina fonamental per a orientar l\u2019estudiant en l\u2019elaboraci\u00f3 del TFM. S\u2019hi presenta el proc\u00e9s detallat de desenvolupament de l\u2019assignatura i del projecte de l\u2019estudiant, al costat d\u2019una s\u00e8rie de plantilles de les activitats i instruments metodol\u00f2gics com a suport a la realitzaci\u00f3 de certes accions espec\u00edfiques.<\/p>\n<p>D\u2019acord amb el tipus d\u2019assignatura, els recursos pertinents i necessaris per a cada projecte seran seleccionats per l\u2019estudiant en la biblioteca virtual de la UOC i internet, i en la instituci\u00f3 de refer\u00e8ncia del projecte, com a part de les activitats pr\u00f2pies del desenvolupament de tot projecte fonamentat rigorosament.<\/p>\n","protected":false},"excerpt":{"rendered":"<p>L\u2019assignatura inclou la \u00abGuia del treball de final de m\u00e0ster\u00bb, que constitueix una eina fonamental per a orientar l\u2019estudiant en l\u2019elaboraci\u00f3 del TFM. S\u2019hi presenta el proc\u00e9s detallat de desenvolupament de l\u2019assignatura i del projecte de l\u2019estudiant, al costat d\u2019una s\u00e8rie de plantilles de les activitats i instruments metodol\u00f2gics com a suport a la realitzaci\u00f3 [&hellip;]<\/p>\n","protected":false},"author":1,"featured_media":0,"parent":0,"menu_order":0,"comment_status":"closed","ping_status":"closed","template":"","meta":[],"_links":{"self":[{"href":"http:\/\/tfm-qes.recursos.uoc.edu\/guia-del-treball-final-de-master\/wp-json\/wp\/v2\/pages\/182"}],"collection":[{"href":"http:\/\/tfm-qes.recursos.uoc.edu\/guia-del-treball-final-de-master\/wp-json\/wp\/v2\/pages"}],"about":[{"href":"http:\/\/tfm-qes.recursos.uoc.edu\/guia-del-treball-final-de-master\/wp-json\/wp\/v2\/types\/page"}],"author":[{"embeddable":true,"href":"http:\/\/tfm-qes.recursos.uoc.edu\/guia-del-treball-final-de-master\/wp-json\/wp\/v2\/users\/1"}],"replies":[{"embeddable":true,"href":"http:\/\/tfm-qes.recursos.uoc.edu\/guia-del-treball-final-de-master\/wp-json\/wp\/v2\/comments?post=182"}],"version-history":[{"count":1,"href":"http:\/\/tfm-qes.recursos.uoc.edu\/guia-del-treball-final-de-master\/wp-json\/wp\/v2\/pages\/182\/revisions"}],"predecessor-version":[{"id":183,"href":"http:\/\/tfm-qes.recursos.uoc.edu\/guia-del-treball-final-de-master\/wp-json\/wp\/v2\/pages\/182\/revisions\/183"}],"wp:attachment":[{"href":"http:\/\/tfm-qes.recursos.uoc.edu\/guia-del-treball-final-de-master\/wp-json\/wp\/v2\/media?parent=182"}],"curies":[{"name":"wp","href":"https:\/\/api.w.org\/{rel}","templated":true}]}}