{"id":178,"date":"2018-06-06T18:12:55","date_gmt":"2018-06-06T18:12:55","guid":{"rendered":"http:\/\/tfm-qes.recursos.uoc.edu\/guia-del-treball-final-de-master\/?page_id=178"},"modified":"2021-02-05T16:36:17","modified_gmt":"2021-02-05T16:36:17","slug":"5-2-1-introduccio","status":"publish","type":"page","link":"http:\/\/tfm-qes.recursos.uoc.edu\/guia-del-treball-final-de-master\/5-2-1-introduccio\/","title":{"rendered":"5.2.1. Introducci\u00f3"},"content":{"rendered":"<p>L\u2019estudiant treballar\u00e0 seguint la t\u00edpica estructura de desenvolupament d\u2019un projecte (viabilitat, planificaci\u00f3, execuci\u00f3 i monitoratge, i tancament i elaboraci\u00f3 de l\u2019informe final), independentment de la modalitat de TFM que tri\u00ef, si b\u00e9 \u00e9s cert que en funci\u00f3 del treball es podran fer els ajustaments necessaris en l\u2019estructura, amb pr\u00e8via validaci\u00f3 del\/ de la tuor\/a. Cadascuna de les fases est\u00e0 associada al lliurament d\u2019un treball. Aix\u00ed, la fase inicial, destinada a cercar el tema del TFM i analitzar la viabilitat del projecte, s\u2019ha de concretar en el preprojecte (S2). Una vegada que el\/la tutor\/a ha validat la proposta de treball (preprojecte), l\u2019estudiant inicia l\u2019elaboraci\u00f3 del projecte (S4). En aquesta fase, el focus d\u2019atenci\u00f3 \u00e9s la revisi\u00f3 bibliogr\u00e0fica, la justificaci\u00f3 del treball, la definici\u00f3 d\u2019objectius, la definici\u00f3 de l\u2019univers d\u2019estudi, els procediments que s\u2019empraran, les t\u00e8cniques per a recollir informaci\u00f3, etc. Els elements descrits en aquesta fase constitueixen la base per a redactar les seccions inicials del TFM (figura 3). Una vegada finalitzada la fase de disseny, l\u2019estudiant se centra a executar el treball i monitorar-lo amb la finalitat de recollir resultats del plantejament. D\u2019aquesta manera, presentar\u00e0 els resultats de qu\u00e8 disposi en l\u2019informe d\u2019avan\u00e7ament 1 (S10) i hi reflexionar\u00e0. La fase final (\u00abTancament i informe\u00bb) se centrar\u00e0 en el treball de les conclusions que s\u2019hagin obtingut (S12). A m\u00e9s, l\u2019estudiant podr\u00e0 revisar i completar les seccions presentades en els treballs anteriors (projecte i informe d\u2019avan\u00e7ament 1), i ho traslladar\u00e0 a la versi\u00f3 final del TFM que presentar\u00e0 (S14).<\/p>\n<p>Els lliurables marquen les fites que ajudaran l\u2019estudiant a seguir una planificaci\u00f3 temporal ajustada i sempre inclouran la informaci\u00f3 de la fase anterior (a excepci\u00f3 del preprojecte). Aix\u00ed, l\u2019estudiant podr\u00e0 millorar els continguts inclosos en el treball, a m\u00e9s de visualitzar com es va construint el TFM. La figura 3 presenta la relaci\u00f3 entre les fases de desenvolupament del projecte, els lliurables i l\u2019estructura associats al TFM.<\/p>\n<figure id=\"attachment_226\" aria-describedby=\"caption-attachment-226\" style=\"width: 792px\" class=\"wp-caption aligncenter\"><a href=\"\/wp-content\/uploads\/sites\/5\/2018\/06\/m2364_m1_03.jpg\"><img loading=\"lazy\" class=\"size-full wp-image-226\" src=\"\/wp-content\/uploads\/sites\/5\/2018\/06\/m2364_m1_03.jpg\" alt=\"\" width=\"792\" height=\"389\" srcset=\"\/wp-content\/uploads\/sites\/5\/2018\/06\/m2364_m1_03.jpg 792w, \/wp-content\/uploads\/sites\/5\/2018\/06\/m2364_m1_03-300x147.jpg 300w, \/wp-content\/uploads\/sites\/5\/2018\/06\/m2364_m1_03-768x377.jpg 768w\" sizes=\"(max-width: 792px) 100vw, 792px\" \/><\/a><figcaption id=\"caption-attachment-226\" class=\"wp-caption-text\">Figura 3. Relaci\u00f3 entre les fases de desenvolupament del projecte, els lliurables i l\u2019estructura del TFM<\/figcaption><\/figure>\n<p>A continuaci\u00f3 es mostren les taules 3 (5.2.2) i 4 (5.2.3), que presenten, de manera resumida, la informaci\u00f3 m\u00e9s rellevant a l\u2019hora de desenvolupar el TFM. La informaci\u00f3 s\u2019organitza tenint en compte l\u2019estructura d\u2019un projecte (primera columna), les accions principals que s\u2019hagin de portar a terme, les particularitats associades a cada modalitat i els lliurables (segona columna). Els elements identificats en cada fase s\u00f3n orientatius i no exhaustius.<\/p>\n","protected":false},"excerpt":{"rendered":"<p>L\u2019estudiant treballar\u00e0 seguint la t\u00edpica estructura de desenvolupament d\u2019un projecte (viabilitat, planificaci\u00f3, execuci\u00f3 i monitoratge, i tancament i elaboraci\u00f3 de l\u2019informe final), independentment de la modalitat de TFM que tri\u00ef, si b\u00e9 \u00e9s cert que en funci\u00f3 del treball es podran fer els ajustaments necessaris en l\u2019estructura, amb pr\u00e8via validaci\u00f3 del\/ de la tuor\/a. Cadascuna [&hellip;]<\/p>\n","protected":false},"author":1,"featured_media":0,"parent":0,"menu_order":0,"comment_status":"closed","ping_status":"closed","template":"","meta":[],"_links":{"self":[{"href":"http:\/\/tfm-qes.recursos.uoc.edu\/guia-del-treball-final-de-master\/wp-json\/wp\/v2\/pages\/178"}],"collection":[{"href":"http:\/\/tfm-qes.recursos.uoc.edu\/guia-del-treball-final-de-master\/wp-json\/wp\/v2\/pages"}],"about":[{"href":"http:\/\/tfm-qes.recursos.uoc.edu\/guia-del-treball-final-de-master\/wp-json\/wp\/v2\/types\/page"}],"author":[{"embeddable":true,"href":"http:\/\/tfm-qes.recursos.uoc.edu\/guia-del-treball-final-de-master\/wp-json\/wp\/v2\/users\/1"}],"replies":[{"embeddable":true,"href":"http:\/\/tfm-qes.recursos.uoc.edu\/guia-del-treball-final-de-master\/wp-json\/wp\/v2\/comments?post=178"}],"version-history":[{"count":17,"href":"http:\/\/tfm-qes.recursos.uoc.edu\/guia-del-treball-final-de-master\/wp-json\/wp\/v2\/pages\/178\/revisions"}],"predecessor-version":[{"id":395,"href":"http:\/\/tfm-qes.recursos.uoc.edu\/guia-del-treball-final-de-master\/wp-json\/wp\/v2\/pages\/178\/revisions\/395"}],"wp:attachment":[{"href":"http:\/\/tfm-qes.recursos.uoc.edu\/guia-del-treball-final-de-master\/wp-json\/wp\/v2\/media?parent=178"}],"curies":[{"name":"wp","href":"https:\/\/api.w.org\/{rel}","templated":true}]}}