{"id":172,"date":"2018-06-06T17:22:04","date_gmt":"2018-06-06T17:22:04","guid":{"rendered":"http:\/\/tfm-qes.recursos.uoc.edu\/guia-del-treball-final-de-master\/?page_id=172"},"modified":"2020-02-13T17:37:25","modified_gmt":"2020-02-13T17:37:25","slug":"4-2-2-coordinador-a-del-tfm","status":"publish","type":"page","link":"http:\/\/tfm-qes.recursos.uoc.edu\/guia-del-treball-final-de-master\/4-2-2-coordinador-a-del-tfm\/","title":{"rendered":"4.2.2. Coordinador\/a del TFM"},"content":{"rendered":"<p>El TFM t\u00e9 un\/a professor \/aresponsable vinculat directament a la direcci\u00f3 acad\u00e8mica del programa. Aquesta figura assumeix el disseny i la coordinaci\u00f3 de l\u2019assignatura, i vetlla per la qualitat dels processos, instruments i recursos vinculats al desenvolupament i a l\u2019avaluaci\u00f3 del TFM. El\/la professor\/a \u00e9s tamb\u00e9 l\u2019\u00faltim responsable d\u2019atendre els problemes acad\u00e8mics que puguin apar\u00e8ixer a partir de la posada en marxa de l\u2019assignatura, i de fer-ne l\u2019avaluaci\u00f3 final.<\/p>\n","protected":false},"excerpt":{"rendered":"<p>El TFM t\u00e9 un\/a professor \/aresponsable vinculat directament a la direcci\u00f3 acad\u00e8mica del programa. Aquesta figura assumeix el disseny i la coordinaci\u00f3 de l\u2019assignatura, i vetlla per la qualitat dels processos, instruments i recursos vinculats al desenvolupament i a l\u2019avaluaci\u00f3 del TFM. El\/la professor\/a \u00e9s tamb\u00e9 l\u2019\u00faltim responsable d\u2019atendre els problemes acad\u00e8mics que puguin apar\u00e8ixer [&hellip;]<\/p>\n","protected":false},"author":1,"featured_media":0,"parent":0,"menu_order":0,"comment_status":"closed","ping_status":"closed","template":"","meta":[],"_links":{"self":[{"href":"http:\/\/tfm-qes.recursos.uoc.edu\/guia-del-treball-final-de-master\/wp-json\/wp\/v2\/pages\/172"}],"collection":[{"href":"http:\/\/tfm-qes.recursos.uoc.edu\/guia-del-treball-final-de-master\/wp-json\/wp\/v2\/pages"}],"about":[{"href":"http:\/\/tfm-qes.recursos.uoc.edu\/guia-del-treball-final-de-master\/wp-json\/wp\/v2\/types\/page"}],"author":[{"embeddable":true,"href":"http:\/\/tfm-qes.recursos.uoc.edu\/guia-del-treball-final-de-master\/wp-json\/wp\/v2\/users\/1"}],"replies":[{"embeddable":true,"href":"http:\/\/tfm-qes.recursos.uoc.edu\/guia-del-treball-final-de-master\/wp-json\/wp\/v2\/comments?post=172"}],"version-history":[{"count":3,"href":"http:\/\/tfm-qes.recursos.uoc.edu\/guia-del-treball-final-de-master\/wp-json\/wp\/v2\/pages\/172\/revisions"}],"predecessor-version":[{"id":354,"href":"http:\/\/tfm-qes.recursos.uoc.edu\/guia-del-treball-final-de-master\/wp-json\/wp\/v2\/pages\/172\/revisions\/354"}],"wp:attachment":[{"href":"http:\/\/tfm-qes.recursos.uoc.edu\/guia-del-treball-final-de-master\/wp-json\/wp\/v2\/media?parent=172"}],"curies":[{"name":"wp","href":"https:\/\/api.w.org\/{rel}","templated":true}]}}