{"id":168,"date":"2018-06-06T17:19:57","date_gmt":"2018-06-06T17:19:57","guid":{"rendered":"http:\/\/tfm-qes.recursos.uoc.edu\/guia-del-treball-final-de-master\/?page_id=168"},"modified":"2022-03-04T06:38:56","modified_gmt":"2022-03-04T06:38:56","slug":"4-1-rol-de-lestudiant","status":"publish","type":"page","link":"http:\/\/tfm-qes.recursos.uoc.edu\/guia-del-treball-final-de-master\/4-1-rol-de-lestudiant\/","title":{"rendered":"4.1. Rol de l\u2019estudiant"},"content":{"rendered":"<p>L\u2019estudiant \u00e9s el principal protagonista en la realitzaci\u00f3 del TFM i, en conseq\u00fc\u00e8ncia, assumeix un rol conductor en totes les fases del disseny i elaboraci\u00f3 del TFM, i \u00e9s autor de la producci\u00f3 resultant. La capacitat d\u2019autonomia i autoregulaci\u00f3 de l\u2019estudiant \u00e9s imprescindible durant el desenvolupament del TFM.<\/p>\n<p>En primer lloc, correspon a l\u2019estudiant proposar el TFM, en el qual fa refer\u00e8ncia tant al tema concret com a l\u2019adscripci\u00f3 a una de les dues modalitats descrites en aquesta guia.<\/p>\n<p>Durant les fases de desenvolupament del TFM, els aspectes que l\u2019estudiant haur\u00e0 de tenir en compte s\u00f3n els seg\u00fcents, entre d\u2019altres:<\/p>\n<ul>\n<li>Mantenir un nivell de qualitat que s\u2019ajusti als par\u00e0metres de pertin\u00e8ncia, coher\u00e8ncia, rigor i originalitat.<\/li>\n<li>Buscar i incorporar bibliografia autoritzada i pertinent.<\/li>\n<li>Articular pertinentment la teoria adquirida al llarg del m\u00e0ster amb la metodologia proposada, el treball de camp, el processament i an\u00e0lisi d\u2019informaci\u00f3 o dades, la conclusi\u00f3 i els resultats.<\/li>\n<li>Operativitzar conceptes i dissenyar instruments de recollida i an\u00e0lisi d\u2019informaci\u00f3.<\/li>\n<li>Mantenir una actitud positiva, proactiva, creativa i innovadora per a elaborar el TFM.<\/li>\n<li>Desenvolupar un treball final de m\u00e0ster segons els principis d&#8217;autenticitat i originalitat.<\/li>\n<\/ul>\n<p>Finalment, i no per aix\u00f2 menys important, tamb\u00e9 s\u2019espera que l\u2019estudiant compleixi el calendari acordat amb el\/la tutor\/a del TFM. En particular, haur\u00e0 de complir les dates dels lliuraments de les activitats establertes a l\u2019aula i pautades pel\/ per la tutor\/a, i tot all\u00f2 relatiu al per\u00edode de presentaci\u00f3 i la defensa final.<\/p>\n","protected":false},"excerpt":{"rendered":"<p>L\u2019estudiant \u00e9s el principal protagonista en la realitzaci\u00f3 del TFM i, en conseq\u00fc\u00e8ncia, assumeix un rol conductor en totes les fases del disseny i elaboraci\u00f3 del TFM, i \u00e9s autor de la producci\u00f3 resultant. La capacitat d\u2019autonomia i autoregulaci\u00f3 de l\u2019estudiant \u00e9s imprescindible durant el desenvolupament del TFM. En primer lloc, correspon a l\u2019estudiant proposar [&hellip;]<\/p>\n","protected":false},"author":1,"featured_media":0,"parent":0,"menu_order":0,"comment_status":"closed","ping_status":"closed","template":"","meta":[],"_links":{"self":[{"href":"http:\/\/tfm-qes.recursos.uoc.edu\/guia-del-treball-final-de-master\/wp-json\/wp\/v2\/pages\/168"}],"collection":[{"href":"http:\/\/tfm-qes.recursos.uoc.edu\/guia-del-treball-final-de-master\/wp-json\/wp\/v2\/pages"}],"about":[{"href":"http:\/\/tfm-qes.recursos.uoc.edu\/guia-del-treball-final-de-master\/wp-json\/wp\/v2\/types\/page"}],"author":[{"embeddable":true,"href":"http:\/\/tfm-qes.recursos.uoc.edu\/guia-del-treball-final-de-master\/wp-json\/wp\/v2\/users\/1"}],"replies":[{"embeddable":true,"href":"http:\/\/tfm-qes.recursos.uoc.edu\/guia-del-treball-final-de-master\/wp-json\/wp\/v2\/comments?post=168"}],"version-history":[{"count":5,"href":"http:\/\/tfm-qes.recursos.uoc.edu\/guia-del-treball-final-de-master\/wp-json\/wp\/v2\/pages\/168\/revisions"}],"predecessor-version":[{"id":419,"href":"http:\/\/tfm-qes.recursos.uoc.edu\/guia-del-treball-final-de-master\/wp-json\/wp\/v2\/pages\/168\/revisions\/419"}],"wp:attachment":[{"href":"http:\/\/tfm-qes.recursos.uoc.edu\/guia-del-treball-final-de-master\/wp-json\/wp\/v2\/media?parent=168"}],"curies":[{"name":"wp","href":"https:\/\/api.w.org\/{rel}","templated":true}]}}