{"id":162,"date":"2018-06-06T17:14:17","date_gmt":"2018-06-06T17:14:17","guid":{"rendered":"http:\/\/tfm-qes.recursos.uoc.edu\/guia-del-treball-final-de-master\/?page_id=162"},"modified":"2018-06-06T17:14:17","modified_gmt":"2018-06-06T17:14:17","slug":"3-2-1-introduccio","status":"publish","type":"page","link":"http:\/\/tfm-qes.recursos.uoc.edu\/guia-del-treball-final-de-master\/3-2-1-introduccio\/","title":{"rendered":"3.2.1. Introducci\u00f3"},"content":{"rendered":"<p>Entre les primeres decisions que ha de prendre l\u2019estudiant autor del TFM hi ha l\u2019elecci\u00f3 d\u2019un tema de treball, que haur\u00e0 de ser emmarcat clarament en l\u2019avaluaci\u00f3 i gesti\u00f3 de la qualitat en l\u2019educaci\u00f3 superior, el problema que s\u2019ha de resoldre i la modalitat del treball.<\/p>\n<p>El TFM adopta enfocaments i metodologies pr\u00f2pies d\u2019un treball rigor\u00f3s. En el seu prop\u00f2sit d\u2019aportar nous coneixements que informin de manera confiable a la pr\u00e0ctica, el TFM d\u2019orientaci\u00f3 professionalitzadora \u00e9s coherent amb el paradigma pragmatista. En aquest sentit, t\u00e9 la finalitat de generar coneixements aplicables, fundats en m\u00e8todes de recollida i an\u00e0lisi de dades rigoroses i alineats amb un corpus de coneixement de l\u2019\u00e0mbit. Una revisi\u00f3 de literatura intencionada i detallada, i un component emp\u00edric, tamb\u00e9 s\u00f3n elements comuns a tot TFM, independentment de la modalitat i el tema escollit.<\/p>\n<p>S\u2019identifiquen dos tipus de modalitats, que difereixen b\u00e0sicament per l\u2019abast del problema al qual es pret\u00e9n donar resposta:<\/p>\n<ul>\n<li>Focalitzada a trobar una soluci\u00f3 aplicada a un context particular.<\/li>\n<li>Destinada a fer una proposta d\u2019aplicabilitat general.<\/li>\n<\/ul>\n<p>La primera modalitat de TFM (projecte d\u2019aplicaci\u00f3) presenta un enfocament marcadament pr\u00e0ctic i el seu abast s\u2019inscriu en el context d\u2019una entitat o organitzaci\u00f3 concreta que pret\u00e9n buscar una soluci\u00f3 per a una situaci\u00f3 particular. La segona modalitat de TFM (projecte de plantejament te\u00f2ric) es caracteritza per un major \u00e8mfasi en el desenvolupament te\u00f2ric i per un abast ampli, que pot aplicar-se, per tant, a una diversitat de contextos superior. La taula 2 presenta les caracter\u00edstiques principals corresponents a ambdues modalitats de TFM.<\/p>\n<p><strong><div class=\"tabletitle\"><p>Taula 2. Principals caracter\u00edstiques de les modalitats de TFM<\/p>\n<\/div><\/strong><\/p>\n<table width=\"567\">\n<tbody>\n<tr class=\"table-header\">\n<td width=\"283\"><strong>Projecte d\u2019aplicaci\u00f3<\/strong><\/td>\n<td width=\"283\"><strong>Projecte de plantejament te\u00f2ric<\/strong><\/td>\n<\/tr>\n<tr>\n<td width=\"283\">Pr\u00e0ctic.<\/td>\n<td width=\"283\">Te\u00f2ric.<\/td>\n<\/tr>\n<tr>\n<td width=\"283\">Aplicable de manera concreta.<\/td>\n<td width=\"283\">Aplicable de manera general.<\/td>\n<\/tr>\n<tr>\n<td width=\"283\">Resol una necessitat o problema en un context organitzacional.<\/td>\n<td width=\"283\">Elabora un constructe aplicable a m\u00e9s d\u2019un context o \u00e0mbit concret.<\/td>\n<\/tr>\n<tr>\n<td width=\"283\"><strong>Enfocaments TFM<\/strong><\/p>\n<p><em>1.\u00a0\u00a0\u00a0 <\/em><em>Detecci\u00f3 de necessitats (DN)<\/em><\/p>\n<p>An\u00e0lisi sistem\u00e0tica i metodol\u00f2gica de la situaci\u00f3 per a definir el problema o detectar la necessitat.<\/p>\n<p>2. <em>Avaluaci\u00f3 de la implementaci\u00f3 (AI)<\/em><\/p>\n<p>Disseny o ajustament d\u2019una soluci\u00f3 per a implementar-la i avaluar-la.<\/td>\n<td width=\"283\"><strong>Enfocaments TFM<\/strong><\/p>\n<p>Enfocament te\u00f2ric.<\/td>\n<\/tr>\n<tr>\n<td width=\"283\"><strong>Metodologia<\/strong><\/p>\n<p>Aplicaci\u00f3 de procediments rigorosos i pertinents per a analitzar la situaci\u00f3 i\/o la implementaci\u00f3.<\/td>\n<td width=\"283\"><strong>Metodologia<\/strong><\/p>\n<p>M\u00e8todes de cerca i revisi\u00f3 bibliogr\u00e0fica per a aprofundir en un problema o tema per a l\u2019elaboraci\u00f3 d\u2019una proposta.<\/td>\n<\/tr>\n<tr>\n<td width=\"283\"><strong>Abast dels resultats<\/strong><\/p>\n<p>Aplicaci\u00f3 limitada al context.<\/td>\n<td width=\"283\"><strong>Abast dels resultats<\/strong><\/p>\n<p>Aplicaci\u00f3 transferible a diferents contextos.<\/td>\n<\/tr>\n<\/tbody>\n<\/table>\n","protected":false},"excerpt":{"rendered":"<p>Entre les primeres decisions que ha de prendre l\u2019estudiant autor del TFM hi ha l\u2019elecci\u00f3 d\u2019un tema de treball, que haur\u00e0 de ser emmarcat clarament en l\u2019avaluaci\u00f3 i gesti\u00f3 de la qualitat en l\u2019educaci\u00f3 superior, el problema que s\u2019ha de resoldre i la modalitat del treball. El TFM adopta enfocaments i metodologies pr\u00f2pies d\u2019un treball [&hellip;]<\/p>\n","protected":false},"author":1,"featured_media":0,"parent":0,"menu_order":0,"comment_status":"closed","ping_status":"closed","template":"","meta":[],"_links":{"self":[{"href":"http:\/\/tfm-qes.recursos.uoc.edu\/guia-del-treball-final-de-master\/wp-json\/wp\/v2\/pages\/162"}],"collection":[{"href":"http:\/\/tfm-qes.recursos.uoc.edu\/guia-del-treball-final-de-master\/wp-json\/wp\/v2\/pages"}],"about":[{"href":"http:\/\/tfm-qes.recursos.uoc.edu\/guia-del-treball-final-de-master\/wp-json\/wp\/v2\/types\/page"}],"author":[{"embeddable":true,"href":"http:\/\/tfm-qes.recursos.uoc.edu\/guia-del-treball-final-de-master\/wp-json\/wp\/v2\/users\/1"}],"replies":[{"embeddable":true,"href":"http:\/\/tfm-qes.recursos.uoc.edu\/guia-del-treball-final-de-master\/wp-json\/wp\/v2\/comments?post=162"}],"version-history":[{"count":1,"href":"http:\/\/tfm-qes.recursos.uoc.edu\/guia-del-treball-final-de-master\/wp-json\/wp\/v2\/pages\/162\/revisions"}],"predecessor-version":[{"id":163,"href":"http:\/\/tfm-qes.recursos.uoc.edu\/guia-del-treball-final-de-master\/wp-json\/wp\/v2\/pages\/162\/revisions\/163"}],"wp:attachment":[{"href":"http:\/\/tfm-qes.recursos.uoc.edu\/guia-del-treball-final-de-master\/wp-json\/wp\/v2\/media?parent=162"}],"curies":[{"name":"wp","href":"https:\/\/api.w.org\/{rel}","templated":true}]}}