{"id":72,"date":"2018-05-23T12:47:51","date_gmt":"2018-05-23T12:47:51","guid":{"rendered":"http:\/\/tfm-qes.recursos.uoc.edu\/guia-del-treball-final-de-master\/?page_id=72"},"modified":"2018-06-14T08:25:07","modified_gmt":"2018-06-14T08:25:07","slug":"bibliografia","status":"publish","type":"page","link":"http:\/\/tfm-qes.recursos.uoc.edu\/guia-del-treball-final-de-master\/es\/bibliografia\/","title":{"rendered":"Bibliograf\u00eda"},"content":{"rendered":"<p><strong>Garc\u00eda, M. P.; Mart\u00ednez, P.<\/strong> (coords.) (2012). <em>Gu\u00eda pr\u00e1ctica docente para la realizaci\u00f3n de trabajos fin de grado y trabajos fin de m\u00e1ster<\/em>. Murcia: Universidad de Murcia.<\/p>\n<p><strong>Maina, M.<\/strong> (2017). <em>Gu\u00eda del Seminario de investigaci\u00f3n: Posgrado en investigaci\u00f3n e-learning<\/em>. Barcelona: UOC.<\/p>\n<p><strong>Rodriguez, M. L.; Llanes, J.; Burguet, M.; Buxarrais, M. R.; Esteban, F.; Jarauta, B.; Cruz Molina, M.<\/strong> (2013). <em>Com elaborar, tutoritzar i avaluar un Treball de Fi de M\u00e0ster<\/em>. Barcelona: AQU Catalunya.<\/p>\n<p><strong>Universitat Oberta de Catalunya<\/strong>. <em>Gu\u00eda del trabajo final de m\u00e1ster de aplicaci\u00f3n profesional: m\u00e1ster interuniversitario en seguridad de las tecnolog\u00edas de la informaci\u00f3n y de las comunicaciones (MISTIC)<\/em>. UOC, UAB, URV, UIB.<\/p>\n<p><strong>Universitat Oberta de Catalunya<\/strong> (2017). <em>Trabajo Final de M\u00e1ster y Pr\u00e1cticas Externas: Gu\u00eda del itinerario profesionalizador: M\u00e1ster universitario en Educaci\u00f3n y TIC (e-learning)<\/em>. Barcelona: UOC.<\/p>\n","protected":false},"excerpt":{"rendered":"<p>Garc\u00eda, M. P.; Mart\u00ednez, P. (coords.) (2012). Gu\u00eda pr\u00e1ctica docente para la realizaci\u00f3n de trabajos fin de grado y trabajos fin de m\u00e1ster. Murcia: Universidad de Murcia. Maina, M. (2017). Gu\u00eda del Seminario de investigaci\u00f3n: Posgrado en investigaci\u00f3n e-learning. Barcelona: UOC. Rodriguez, M. L.; Llanes, J.; Burguet, M.; Buxarrais, M. R.; Esteban, F.; Jarauta, B.; [&hellip;]<\/p>\n","protected":false},"author":1,"featured_media":0,"parent":0,"menu_order":0,"comment_status":"closed","ping_status":"closed","template":"","meta":[],"_links":{"self":[{"href":"http:\/\/tfm-qes.recursos.uoc.edu\/guia-del-treball-final-de-master\/es\/wp-json\/wp\/v2\/pages\/72"}],"collection":[{"href":"http:\/\/tfm-qes.recursos.uoc.edu\/guia-del-treball-final-de-master\/es\/wp-json\/wp\/v2\/pages"}],"about":[{"href":"http:\/\/tfm-qes.recursos.uoc.edu\/guia-del-treball-final-de-master\/es\/wp-json\/wp\/v2\/types\/page"}],"author":[{"embeddable":true,"href":"http:\/\/tfm-qes.recursos.uoc.edu\/guia-del-treball-final-de-master\/es\/wp-json\/wp\/v2\/users\/1"}],"replies":[{"embeddable":true,"href":"http:\/\/tfm-qes.recursos.uoc.edu\/guia-del-treball-final-de-master\/es\/wp-json\/wp\/v2\/comments?post=72"}],"version-history":[{"count":2,"href":"http:\/\/tfm-qes.recursos.uoc.edu\/guia-del-treball-final-de-master\/es\/wp-json\/wp\/v2\/pages\/72\/revisions"}],"predecessor-version":[{"id":239,"href":"http:\/\/tfm-qes.recursos.uoc.edu\/guia-del-treball-final-de-master\/es\/wp-json\/wp\/v2\/pages\/72\/revisions\/239"}],"wp:attachment":[{"href":"http:\/\/tfm-qes.recursos.uoc.edu\/guia-del-treball-final-de-master\/es\/wp-json\/wp\/v2\/media?parent=72"}],"curies":[{"name":"wp","href":"https:\/\/api.w.org\/{rel}","templated":true}]}}