{"id":68,"date":"2018-05-23T12:46:56","date_gmt":"2018-05-23T12:46:56","guid":{"rendered":"http:\/\/tfm-qes.recursos.uoc.edu\/guia-del-treball-final-de-master\/?page_id=68"},"modified":"2018-05-23T12:46:56","modified_gmt":"2018-05-23T12:46:56","slug":"6-recursos-materiales-de-apoyo-al-aprendizaje","status":"publish","type":"page","link":"http:\/\/tfm-qes.recursos.uoc.edu\/guia-del-treball-final-de-master\/es\/6-recursos-materiales-de-apoyo-al-aprendizaje\/","title":{"rendered":"6. Recursos materiales de apoyo al aprendizaje"},"content":{"rendered":"<p>La asignatura cuenta con la Gu\u00eda del trabajo de final de m\u00e1ster, que constituye una herramienta fundamental para orientar al estudiante en la elaboraci\u00f3n del TFM. En ella se presenta el proceso de desarrollo detallado de la asignatura y del proyecto del estudiante, junto a una serie de plantillas de las actividades e instrumentos metodol\u00f3gicos como soporte a la realizaci\u00f3n de ciertas acciones espec\u00edficas.<\/p>\n<p>Por el tipo de asignatura, los recursos pertinentes y necesarios para cada proyecto ser\u00e1n seleccionados por el\/la estudiante a trav\u00e9s de la Biblioteca virtual de la UOC e internet y de los obtenidos a trav\u00e9s de la instituci\u00f3n de referencia del proyecto, como parte de las actividades propias del desarrollo de todo proyecto rigurosamente fundamentado.<\/p>\n","protected":false},"excerpt":{"rendered":"<p>La asignatura cuenta con la Gu\u00eda del trabajo de final de m\u00e1ster, que constituye una herramienta fundamental para orientar al estudiante en la elaboraci\u00f3n del TFM. En ella se presenta el proceso de desarrollo detallado de la asignatura y del proyecto del estudiante, junto a una serie de plantillas de las actividades e instrumentos metodol\u00f3gicos [&hellip;]<\/p>\n","protected":false},"author":1,"featured_media":0,"parent":0,"menu_order":0,"comment_status":"closed","ping_status":"closed","template":"","meta":[],"_links":{"self":[{"href":"http:\/\/tfm-qes.recursos.uoc.edu\/guia-del-treball-final-de-master\/es\/wp-json\/wp\/v2\/pages\/68"}],"collection":[{"href":"http:\/\/tfm-qes.recursos.uoc.edu\/guia-del-treball-final-de-master\/es\/wp-json\/wp\/v2\/pages"}],"about":[{"href":"http:\/\/tfm-qes.recursos.uoc.edu\/guia-del-treball-final-de-master\/es\/wp-json\/wp\/v2\/types\/page"}],"author":[{"embeddable":true,"href":"http:\/\/tfm-qes.recursos.uoc.edu\/guia-del-treball-final-de-master\/es\/wp-json\/wp\/v2\/users\/1"}],"replies":[{"embeddable":true,"href":"http:\/\/tfm-qes.recursos.uoc.edu\/guia-del-treball-final-de-master\/es\/wp-json\/wp\/v2\/comments?post=68"}],"version-history":[{"count":1,"href":"http:\/\/tfm-qes.recursos.uoc.edu\/guia-del-treball-final-de-master\/es\/wp-json\/wp\/v2\/pages\/68\/revisions"}],"predecessor-version":[{"id":69,"href":"http:\/\/tfm-qes.recursos.uoc.edu\/guia-del-treball-final-de-master\/es\/wp-json\/wp\/v2\/pages\/68\/revisions\/69"}],"wp:attachment":[{"href":"http:\/\/tfm-qes.recursos.uoc.edu\/guia-del-treball-final-de-master\/es\/wp-json\/wp\/v2\/media?parent=68"}],"curies":[{"name":"wp","href":"https:\/\/api.w.org\/{rel}","templated":true}]}}