{"id":66,"date":"2018-05-23T12:45:14","date_gmt":"2018-05-23T12:45:14","guid":{"rendered":"http:\/\/tfm-qes.recursos.uoc.edu\/guia-del-treball-final-de-master\/?page_id=66"},"modified":"2021-02-05T16:48:30","modified_gmt":"2021-02-05T16:48:30","slug":"5-2-1-introduccion","status":"publish","type":"page","link":"http:\/\/tfm-qes.recursos.uoc.edu\/guia-del-treball-final-de-master\/es\/5-2-1-introduccion\/","title":{"rendered":"5.2.1. Introducci\u00f3n"},"content":{"rendered":"<p>El\/la estudiante trabajar\u00e1 siguiendo la estructura t\u00edpica de desarrollo de un proyecto (viabilidad; planificaci\u00f3n; ejecuci\u00f3n y monitoreo; y cierre y elaboraci\u00f3n del Informe final), independientemente de la modalidad de TFM que elija, si bien es cierto que en funci\u00f3n del trabajo se podr\u00e1n realizar los ajustes necesarios en la estructura, previa validaci\u00f3n del\/ de la tutor\/a. Cada una de las fases est\u00e1 asociada a la entrega de un trabajo. As\u00ed, la fase inicial destinada a la b\u00fasqueda de la tem\u00e1tica de TFM y an\u00e1lisis inicial de la viabilidad del proyecto se debe plasmar en el preproyecto (S2). Una vez que el\/la tutor\/a ha validado la propuesta de trabajo (preproyecto), el\/la estudiante inicia la elaboraci\u00f3n del proyecto (S4). En esta fase, el foco de atenci\u00f3n es la revisi\u00f3n bibliogr\u00e1fica, justificaci\u00f3n del trabajo y definici\u00f3n de objetivos, as\u00ed como la definici\u00f3n del universo del estudio, los procedimientos que se van a emplear, las t\u00e9cnicas para recoger informaci\u00f3n, etc. Los elementos descritos en esta fase constituyen la base para la redacci\u00f3n de las secciones iniciales del TFM (figura 3). Una vez finalizada la fase de dise\u00f1o, el\/la estudiante se centra en la ejecuci\u00f3n del trabajo y monitorizaci\u00f3n con el fin de recoger resultados del planteamiento realizado. De este modo, el\/la estudiante presentar\u00e1 los resultados de los que disponga en el Informe de avance 1 (S10) y reflexionar\u00e1 sobre estos. La fase final (\u00abCierre e informe\u00bb) se centrar\u00e1 en el trabajo de las conclusiones que se hayan obtenido (S12). Adem\u00e1s, el\/la estudiante podr\u00e1 completar o revisar las secciones presentadas en los trabajos anteriores (proyecto e Informe de avance 1), lo que se trasladar\u00e1 en la versi\u00f3n final del TFM que se presentar\u00e1 (S14).<\/p>\n<p>Los entregables marcan los hitos que ayudar\u00e1n al\/ a la estudiante a seguir una planificaci\u00f3n temporal ajustada y siempre incluir\u00e1n la informaci\u00f3n de la fase anterior (a excepci\u00f3n del preproyecto). As\u00ed, el\/la estudiante podr\u00e1 mejorar los contenidos incluidos en el trabajo, adem\u00e1s de visualizar c\u00f3mo se va construyendo el TFM. La figura 3 presenta la relaci\u00f3n entre las fases de desarrollo del proyecto, los entregables y la estructura asociados al TFM.<\/p>\n<figure id=\"attachment_232\" aria-describedby=\"caption-attachment-232\" style=\"width: 792px\" class=\"wp-caption alignnone\"><a style=\"font-size: 16px\" href=\"\/wp-content\/uploads\/sites\/5\/2018\/06\/m2363_m1_03.jpg\"><img loading=\"lazy\" class=\"wp-image-232 size-full\" src=\"\/wp-content\/uploads\/sites\/5\/2018\/06\/m2363_m1_03.jpg\" alt=\"\" width=\"792\" height=\"389\" srcset=\"\/wp-content\/uploads\/sites\/5\/2018\/06\/m2363_m1_03.jpg 792w, \/wp-content\/uploads\/sites\/5\/2018\/06\/m2363_m1_03-300x147.jpg 300w, \/wp-content\/uploads\/sites\/5\/2018\/06\/m2363_m1_03-768x377.jpg 768w\" sizes=\"(max-width: 792px) 100vw, 792px\" \/><\/a><figcaption id=\"caption-attachment-232\" class=\"wp-caption-text\">Figura 3. Relaci\u00f3n entre las fases de desarrollo del proyecto, los entregables y la estructura del TFM<\/figcaption><\/figure>\n<p>A continuaci\u00f3n se muestran las tablas 3 (5.2.2) y 4 (5.2.3), que presentan, de manera resumida, la informaci\u00f3n m\u00e1s relevante a la hora de desarrollar el TFM. La informaci\u00f3n se organiza teniendo en cuenta la estructura de un proyecto (primera columna), as\u00ed como las acciones principales que deban llevarse a cabo, las particularidades asociadas a cada modalidad y los entregables (segunda columna). Los elementos identificados en cada fase son orientativos y no exhaustivos.<\/p>\n","protected":false},"excerpt":{"rendered":"<p>El\/la estudiante trabajar\u00e1 siguiendo la estructura t\u00edpica de desarrollo de un proyecto (viabilidad; planificaci\u00f3n; ejecuci\u00f3n y monitoreo; y cierre y elaboraci\u00f3n del Informe final), independientemente de la modalidad de TFM que elija, si bien es cierto que en funci\u00f3n del trabajo se podr\u00e1n realizar los ajustes necesarios en la estructura, previa validaci\u00f3n del\/ de la [&hellip;]<\/p>\n","protected":false},"author":1,"featured_media":0,"parent":0,"menu_order":0,"comment_status":"closed","ping_status":"closed","template":"","meta":[],"_links":{"self":[{"href":"http:\/\/tfm-qes.recursos.uoc.edu\/guia-del-treball-final-de-master\/es\/wp-json\/wp\/v2\/pages\/66"}],"collection":[{"href":"http:\/\/tfm-qes.recursos.uoc.edu\/guia-del-treball-final-de-master\/es\/wp-json\/wp\/v2\/pages"}],"about":[{"href":"http:\/\/tfm-qes.recursos.uoc.edu\/guia-del-treball-final-de-master\/es\/wp-json\/wp\/v2\/types\/page"}],"author":[{"embeddable":true,"href":"http:\/\/tfm-qes.recursos.uoc.edu\/guia-del-treball-final-de-master\/es\/wp-json\/wp\/v2\/users\/1"}],"replies":[{"embeddable":true,"href":"http:\/\/tfm-qes.recursos.uoc.edu\/guia-del-treball-final-de-master\/es\/wp-json\/wp\/v2\/comments?post=66"}],"version-history":[{"count":19,"href":"http:\/\/tfm-qes.recursos.uoc.edu\/guia-del-treball-final-de-master\/es\/wp-json\/wp\/v2\/pages\/66\/revisions"}],"predecessor-version":[{"id":406,"href":"http:\/\/tfm-qes.recursos.uoc.edu\/guia-del-treball-final-de-master\/es\/wp-json\/wp\/v2\/pages\/66\/revisions\/406"}],"wp:attachment":[{"href":"http:\/\/tfm-qes.recursos.uoc.edu\/guia-del-treball-final-de-master\/es\/wp-json\/wp\/v2\/media?parent=66"}],"curies":[{"name":"wp","href":"https:\/\/api.w.org\/{rel}","templated":true}]}}