{"id":60,"date":"2018-05-23T12:43:38","date_gmt":"2018-05-23T12:43:38","guid":{"rendered":"http:\/\/tfm-qes.recursos.uoc.edu\/guia-del-treball-final-de-master\/?page_id=60"},"modified":"2020-02-13T16:41:44","modified_gmt":"2020-02-13T16:41:44","slug":"4-2-2-coordinador-a-del-tfm","status":"publish","type":"page","link":"http:\/\/tfm-qes.recursos.uoc.edu\/guia-del-treball-final-de-master\/es\/4-2-2-coordinador-a-del-tfm\/","title":{"rendered":"4.2.2. Coordinador\/a del TFM"},"content":{"rendered":"<p>El TFM dispone de un\/a profesor\/a responsable vinculado directamente a la direcci\u00f3n acad\u00e9mica del programa. Esta figura asume el dise\u00f1o y la coordinaci\u00f3n de la asignatura, y vela por la calidad de los procesos, instrumentos y recursos vinculados al desarrollo y a la evaluaci\u00f3n del TFM. El profesor\/a es tambi\u00e9n el\/la \u00faltimo\/a responsable en atender aquellos aspectos acad\u00e9micos que puedan suceder a partir de la puesta en marcha de la asignatura, as\u00ed como de su evaluaci\u00f3n final.<\/p>\n","protected":false},"excerpt":{"rendered":"<p>El TFM dispone de un\/a profesor\/a responsable vinculado directamente a la direcci\u00f3n acad\u00e9mica del programa. Esta figura asume el dise\u00f1o y la coordinaci\u00f3n de la asignatura, y vela por la calidad de los procesos, instrumentos y recursos vinculados al desarrollo y a la evaluaci\u00f3n del TFM. El profesor\/a es tambi\u00e9n el\/la \u00faltimo\/a responsable en atender [&hellip;]<\/p>\n","protected":false},"author":1,"featured_media":0,"parent":0,"menu_order":0,"comment_status":"closed","ping_status":"closed","template":"","meta":[],"_links":{"self":[{"href":"http:\/\/tfm-qes.recursos.uoc.edu\/guia-del-treball-final-de-master\/es\/wp-json\/wp\/v2\/pages\/60"}],"collection":[{"href":"http:\/\/tfm-qes.recursos.uoc.edu\/guia-del-treball-final-de-master\/es\/wp-json\/wp\/v2\/pages"}],"about":[{"href":"http:\/\/tfm-qes.recursos.uoc.edu\/guia-del-treball-final-de-master\/es\/wp-json\/wp\/v2\/types\/page"}],"author":[{"embeddable":true,"href":"http:\/\/tfm-qes.recursos.uoc.edu\/guia-del-treball-final-de-master\/es\/wp-json\/wp\/v2\/users\/1"}],"replies":[{"embeddable":true,"href":"http:\/\/tfm-qes.recursos.uoc.edu\/guia-del-treball-final-de-master\/es\/wp-json\/wp\/v2\/comments?post=60"}],"version-history":[{"count":2,"href":"http:\/\/tfm-qes.recursos.uoc.edu\/guia-del-treball-final-de-master\/es\/wp-json\/wp\/v2\/pages\/60\/revisions"}],"predecessor-version":[{"id":336,"href":"http:\/\/tfm-qes.recursos.uoc.edu\/guia-del-treball-final-de-master\/es\/wp-json\/wp\/v2\/pages\/60\/revisions\/336"}],"wp:attachment":[{"href":"http:\/\/tfm-qes.recursos.uoc.edu\/guia-del-treball-final-de-master\/es\/wp-json\/wp\/v2\/media?parent=60"}],"curies":[{"name":"wp","href":"https:\/\/api.w.org\/{rel}","templated":true}]}}