{"id":54,"date":"2018-05-23T12:41:54","date_gmt":"2018-05-23T12:41:54","guid":{"rendered":"http:\/\/tfm-qes.recursos.uoc.edu\/guia-del-treball-final-de-master\/?page_id=54"},"modified":"2022-03-04T06:40:59","modified_gmt":"2022-03-04T06:40:59","slug":"4-1-rol-del-estudiante","status":"publish","type":"page","link":"http:\/\/tfm-qes.recursos.uoc.edu\/guia-del-treball-final-de-master\/es\/4-1-rol-del-estudiante\/","title":{"rendered":"4.1. Rol del estudiante"},"content":{"rendered":"<p>El\/la estudiante es el principal protagonista en la realizaci\u00f3n del TFM y, en consecuencia, asume un rol conductor en todas las fases del dise\u00f1o y elaboraci\u00f3n del TFM, siendo autor de la producci\u00f3n resultante. La capacidad de autonom\u00eda y autorregulaci\u00f3n del\/ de la estudiante son imprescindibles durante el desarrollo del TFM.<\/p>\n<p>En primer lugar, corresponde al\/ a la estudiante la propuesta del TFM, en lo que se refiere tanto a su tem\u00e1tica concreta como a la adscripci\u00f3n a una de las dos modalidades descritas en esta gu\u00eda.<\/p>\n<p>Durante las fases de desarrollo del TFM, el\/la estudiante deber\u00e1, entre otros aspectos:<\/p>\n<ul>\n<li>Mantener un nivel de calidad que se ajuste a los par\u00e1metros de pertinencia, coherencia, rigor y originalidad.<\/li>\n<li>Buscar e incorporar bibliograf\u00eda autorizada y pertinente.<\/li>\n<li>Articular pertinentemente la teor\u00eda adquirida a lo largo del m\u00e1ster, con la metodolog\u00eda propuesta, el trabajo de campo, procesamiento y an\u00e1lisis de informaci\u00f3n\/datos, conclusi\u00f3n y resultados.<\/li>\n<li>Operativizar conceptos y dise\u00f1ar instrumentos de recogida y an\u00e1lisis de informaci\u00f3n.<\/li>\n<li>Mantener una actitud positiva, proactiva, creativa e innovadora para la realizaci\u00f3n del TFM.<\/li>\n<li>Desarrollar un trabajo final de m\u00e1ster seg\u00fan los principios de autenticidad y originalidad.<\/li>\n<\/ul>\n<p>Finalmente, y no por ello menos importante, se espera tambi\u00e9n que el\/la estudiante cumpla con el calendario acordado con el\/la tutor\/a del TFM. En particular, el estudiantado deber\u00e1 cumplir con las fechas de las entregas de las actividades establecidas en el aula y aquellas pautadas con el\/la tutor\/a, as\u00ed como en todo lo relativo al periodo de presentaci\u00f3n y defensa del trabajo final.<\/p>\n","protected":false},"excerpt":{"rendered":"<p>El\/la estudiante es el principal protagonista en la realizaci\u00f3n del TFM y, en consecuencia, asume un rol conductor en todas las fases del dise\u00f1o y elaboraci\u00f3n del TFM, siendo autor de la producci\u00f3n resultante. La capacidad de autonom\u00eda y autorregulaci\u00f3n del\/ de la estudiante son imprescindibles durante el desarrollo del TFM. En primer lugar, corresponde [&hellip;]<\/p>\n","protected":false},"author":1,"featured_media":0,"parent":0,"menu_order":0,"comment_status":"closed","ping_status":"closed","template":"","meta":[],"_links":{"self":[{"href":"http:\/\/tfm-qes.recursos.uoc.edu\/guia-del-treball-final-de-master\/es\/wp-json\/wp\/v2\/pages\/54"}],"collection":[{"href":"http:\/\/tfm-qes.recursos.uoc.edu\/guia-del-treball-final-de-master\/es\/wp-json\/wp\/v2\/pages"}],"about":[{"href":"http:\/\/tfm-qes.recursos.uoc.edu\/guia-del-treball-final-de-master\/es\/wp-json\/wp\/v2\/types\/page"}],"author":[{"embeddable":true,"href":"http:\/\/tfm-qes.recursos.uoc.edu\/guia-del-treball-final-de-master\/es\/wp-json\/wp\/v2\/users\/1"}],"replies":[{"embeddable":true,"href":"http:\/\/tfm-qes.recursos.uoc.edu\/guia-del-treball-final-de-master\/es\/wp-json\/wp\/v2\/comments?post=54"}],"version-history":[{"count":5,"href":"http:\/\/tfm-qes.recursos.uoc.edu\/guia-del-treball-final-de-master\/es\/wp-json\/wp\/v2\/pages\/54\/revisions"}],"predecessor-version":[{"id":420,"href":"http:\/\/tfm-qes.recursos.uoc.edu\/guia-del-treball-final-de-master\/es\/wp-json\/wp\/v2\/pages\/54\/revisions\/420"}],"wp:attachment":[{"href":"http:\/\/tfm-qes.recursos.uoc.edu\/guia-del-treball-final-de-master\/es\/wp-json\/wp\/v2\/media?parent=54"}],"curies":[{"name":"wp","href":"https:\/\/api.w.org\/{rel}","templated":true}]}}