{"id":50,"date":"2018-05-23T12:39:49","date_gmt":"2018-05-23T12:39:49","guid":{"rendered":"http:\/\/tfm-qes.recursos.uoc.edu\/guia-del-treball-final-de-master\/?page_id=50"},"modified":"2018-05-24T09:12:04","modified_gmt":"2018-05-24T09:12:04","slug":"3-2-3-modalidad-b-proyecto-de-planteamiento-teorico","status":"publish","type":"page","link":"http:\/\/tfm-qes.recursos.uoc.edu\/guia-del-treball-final-de-master\/es\/3-2-3-modalidad-b-proyecto-de-planteamiento-teorico\/","title":{"rendered":"3.2.3. Modalidad B. Proyecto de planteamiento te\u00f3rico"},"content":{"rendered":"<p>Este tipo de TFM se fundamenta en un desarrollo de base te\u00f3rica y en la elaboraci\u00f3n de un constructo aplicable a m\u00e1s de un contexto o \u00e1mbito concreto. Se orienta a la construcci\u00f3n de una propuesta sobre la base de una revisi\u00f3n documental que servir\u00e1 de punto de partida para la identificaci\u00f3n y definici\u00f3n de un problema, as\u00ed como para la elaboraci\u00f3n de una soluci\u00f3n que constituya un avance en un campo de trabajo concreto (como por ejemplo los sistemas de garant\u00eda de la calidad, los modelos de evaluaci\u00f3n, los est\u00e1ndares de calidad, las clasificaciones, etc.).<\/p>\n<p>Desde el punto de vista metodol\u00f3gico, se espera que el\/la estudiante utilice m\u00e9todos de b\u00fasqueda y revisi\u00f3n bibliogr\u00e1fica exhaustivos tanto para la profundizaci\u00f3n de un problema o tema como para la elaboraci\u00f3n de una propuesta. En este caso, tambi\u00e9n es necesaria la validaci\u00f3n del constructo resultante de la integraci\u00f3n te\u00f3rica. En cuanto a la contribuci\u00f3n final, se pretende que el\/la estudiante construya una soluci\u00f3n gen\u00e9rica que d\u00e9 respuesta a una problem\u00e1tica determinada.<\/p>\n<p>El alcance de los resultados de esta modalidad de TFM es amplio, y lo constituye un nuevo conocimiento generado que es transferible y aplicable a diferentes situaciones y contextos.<\/p>\n<p>En este sentido, el\/la estudiante podr\u00e1 desarrollar un modelo, un marco funcional, un esquema de procedimientos, etc., en el que se plantee alguna mejora, adaptaci\u00f3n e incluso innovaci\u00f3n relacionada con los procesos de calidad, sistemas de garant\u00eda de la calidad, est\u00e1ndares e indicadores, etc. Este tipo de TFM puede adquirir forma de estudio comparativo, estudio prospectivo, entre otros.<\/p>\n<div class=\"featured featured-grey\"><\/p>\n<p><strong>Ejemplo<\/strong><\/p>\n<p>Para ilustrar este tipo de TFM, se pueden enunciar los siguientes ejemplos:<\/p>\n<ul>\n<li>Desarrollar un marco para el aseguramiento de la calidad de una regi\u00f3n, pa\u00eds, disciplina concreta.<\/li>\n<li>Desarrollar un modelo de evaluaci\u00f3n externa innovador.<\/li>\n<li>Proponer una innovaci\u00f3n relacionada con los procesos de calidad; sistemas de garant\u00eda interna de la calidad.<\/li>\n<li>Mejorar, adaptar o innovar est\u00e1ndares e indicadores para el aseguramiento de la calidad.<\/li>\n<li>Desarrollar un instrumento de evaluaci\u00f3n de la calidad en funci\u00f3n de los criterios propuestos en r\u00e1nquines universitarios reconocidos.<\/li>\n<li>Otros.<\/li>\n<\/ul>\n<p>\n<\/div>\n","protected":false},"excerpt":{"rendered":"<p>Este tipo de TFM se fundamenta en un desarrollo de base te\u00f3rica y en la elaboraci\u00f3n de un constructo aplicable a m\u00e1s de un contexto o \u00e1mbito concreto. Se orienta a la construcci\u00f3n de una propuesta sobre la base de una revisi\u00f3n documental que servir\u00e1 de punto de partida para la identificaci\u00f3n y definici\u00f3n de [&hellip;]<\/p>\n","protected":false},"author":1,"featured_media":0,"parent":0,"menu_order":0,"comment_status":"closed","ping_status":"closed","template":"","meta":[],"_links":{"self":[{"href":"http:\/\/tfm-qes.recursos.uoc.edu\/guia-del-treball-final-de-master\/es\/wp-json\/wp\/v2\/pages\/50"}],"collection":[{"href":"http:\/\/tfm-qes.recursos.uoc.edu\/guia-del-treball-final-de-master\/es\/wp-json\/wp\/v2\/pages"}],"about":[{"href":"http:\/\/tfm-qes.recursos.uoc.edu\/guia-del-treball-final-de-master\/es\/wp-json\/wp\/v2\/types\/page"}],"author":[{"embeddable":true,"href":"http:\/\/tfm-qes.recursos.uoc.edu\/guia-del-treball-final-de-master\/es\/wp-json\/wp\/v2\/users\/1"}],"replies":[{"embeddable":true,"href":"http:\/\/tfm-qes.recursos.uoc.edu\/guia-del-treball-final-de-master\/es\/wp-json\/wp\/v2\/comments?post=50"}],"version-history":[{"count":2,"href":"http:\/\/tfm-qes.recursos.uoc.edu\/guia-del-treball-final-de-master\/es\/wp-json\/wp\/v2\/pages\/50\/revisions"}],"predecessor-version":[{"id":135,"href":"http:\/\/tfm-qes.recursos.uoc.edu\/guia-del-treball-final-de-master\/es\/wp-json\/wp\/v2\/pages\/50\/revisions\/135"}],"wp:attachment":[{"href":"http:\/\/tfm-qes.recursos.uoc.edu\/guia-del-treball-final-de-master\/es\/wp-json\/wp\/v2\/media?parent=50"}],"curies":[{"name":"wp","href":"https:\/\/api.w.org\/{rel}","templated":true}]}}