{"id":300,"date":"2018-10-03T15:09:22","date_gmt":"2018-10-03T15:09:22","guid":{"rendered":"http:\/\/tfm-qes.recursos.uoc.edu\/guia-del-treball-final-de-master\/?page_id=300"},"modified":"2022-10-06T16:24:21","modified_gmt":"2022-10-06T16:24:21","slug":"3-3-formato-del-tfm","status":"publish","type":"page","link":"http:\/\/tfm-qes.recursos.uoc.edu\/guia-del-treball-final-de-master\/es\/3-3-formato-del-tfm\/","title":{"rendered":"3.3. Formato del TFM"},"content":{"rendered":"<p>El documento definitivo del TFM puede presentarse de dos maneras generales: como \u00abInforme final\u00bb o como \u00abContribuci\u00f3n\u00bb.<\/p>\n<p><strong>Formato informe final<\/strong><\/p>\n<p>El TFM en formato informe final es un documento de unas 50 p\u00e1ginas (entre 25.000 y 30.000 palabras), incluidas tablas, figuras y la bibliograf\u00eda, a la que se pueden adjuntar los anexos. La tipograf\u00eda recomendada es Calibri, 11 puntos, interl\u00ednea 1,5; y espacio posterior entre par\u00e1grafos de 6 puntos.<\/p>\n<ul>\n<li>Portada<\/li>\n<li>Resumen<\/li>\n<li>\u00cdndice<\/li>\n<li>Introducci\u00f3n<\/li>\n<li>Fundamentaci\u00f3n te\u00f3rica y conceptual<\/li>\n<li>Constextualizaci\u00f3n y justificaci\u00f3n<\/li>\n<li>Objetivos generales y espec\u00edficos<\/li>\n<li>Dise\u00f1o metodol\u00f3gico<\/li>\n<li>Aspectos \u00e9ticos<\/li>\n<li>Resultados<\/li>\n<li>Discusi\u00f3n<\/li>\n<li>Conclusiones<\/li>\n<li>Referencias (APA 7)<\/li>\n<li>Anexos<\/li>\n<\/ul>\n<p>&nbsp;<\/p>\n<p><strong>Formato Contribuci\u00f3n<\/strong><\/p>\n<p>Previa autorizaci\u00f3n del\/ de la tutor\/a, es posible presentar el trabajo final del M\u00e1ster en forma de \u201ccontribuci\u00f3n\u201d.<\/p>\n<p>Esta situaci\u00f3n se da cuando el\/la estudiante prefiere elaborar una contribuci\u00f3n a conferencia (de naturaleza profesional, acad\u00e9mica o cient\u00edfica) o a una revista (profesional, o cient\u00edfica).<\/p>\n<p>En este sentido, el formato \u201ccontribuci\u00f3n\u201d se presentar\u00e1 como un compendio de los siguientes elementos:<\/p>\n<ul>\n<li>Portada<\/li>\n<li>Una introducci\u00f3n donde se presente el proyecto, la contribuci\u00f3n y la justificaci\u00f3n de la opci\u00f3n por la elaboraci\u00f3n de la misma.<\/li>\n<li>Un resumen global de los resultados obtenidos, discusi\u00f3n y conclusiones<\/li>\n<li>La contribuci\u00f3n misma (comunicaci\u00f3n)<\/li>\n<li>Un anexo con las condiciones de presentaci\u00f3n\/publicaci\u00f3n del evento o revista.<\/li>\n<\/ul>\n","protected":false},"excerpt":{"rendered":"<p>El documento definitivo del TFM puede presentarse de dos maneras generales: como \u00abInforme final\u00bb o como \u00abContribuci\u00f3n\u00bb. Formato informe final El TFM en formato informe final es un documento de unas 50 p\u00e1ginas (entre 25.000 y 30.000 palabras), incluidas tablas, figuras y la bibliograf\u00eda, a la que se pueden adjuntar los anexos. La tipograf\u00eda recomendada [&hellip;]<\/p>\n","protected":false},"author":3,"featured_media":0,"parent":0,"menu_order":0,"comment_status":"closed","ping_status":"closed","template":"","meta":[],"_links":{"self":[{"href":"http:\/\/tfm-qes.recursos.uoc.edu\/guia-del-treball-final-de-master\/es\/wp-json\/wp\/v2\/pages\/300"}],"collection":[{"href":"http:\/\/tfm-qes.recursos.uoc.edu\/guia-del-treball-final-de-master\/es\/wp-json\/wp\/v2\/pages"}],"about":[{"href":"http:\/\/tfm-qes.recursos.uoc.edu\/guia-del-treball-final-de-master\/es\/wp-json\/wp\/v2\/types\/page"}],"author":[{"embeddable":true,"href":"http:\/\/tfm-qes.recursos.uoc.edu\/guia-del-treball-final-de-master\/es\/wp-json\/wp\/v2\/users\/3"}],"replies":[{"embeddable":true,"href":"http:\/\/tfm-qes.recursos.uoc.edu\/guia-del-treball-final-de-master\/es\/wp-json\/wp\/v2\/comments?post=300"}],"version-history":[{"count":10,"href":"http:\/\/tfm-qes.recursos.uoc.edu\/guia-del-treball-final-de-master\/es\/wp-json\/wp\/v2\/pages\/300\/revisions"}],"predecessor-version":[{"id":430,"href":"http:\/\/tfm-qes.recursos.uoc.edu\/guia-del-treball-final-de-master\/es\/wp-json\/wp\/v2\/pages\/300\/revisions\/430"}],"wp:attachment":[{"href":"http:\/\/tfm-qes.recursos.uoc.edu\/guia-del-treball-final-de-master\/es\/wp-json\/wp\/v2\/media?parent=300"}],"curies":[{"name":"wp","href":"https:\/\/api.w.org\/{rel}","templated":true}]}}