{"id":27,"date":"2018-05-09T12:25:12","date_gmt":"2018-05-09T12:25:12","guid":{"rendered":"http:\/\/tfm-qes.recursos.uoc.edu\/galeriadetfm\/?page_id=27"},"modified":"2022-08-18T17:02:28","modified_gmt":"2022-08-18T17:02:28","slug":"demo","status":"publish","type":"page","link":"http:\/\/tfm-qes.recursos.uoc.edu\/galeria-de-tfm\/","title":{"rendered":"Galeria TFM"},"content":{"rendered":"<p>Us convidem a consultar la <a href=\"https:\/\/openaccess.uoc.edu\/handle\/10609\/80307\" target=\"_blank\" rel=\"noopener\">galeria de Treballs Finals de M\u00e0ster del &#8220;M\u00e0ster Avaluaci\u00f3 i Gesti\u00f3 de la Qualitat a l&#8217;Educaci\u00f3 Superior&#8221; publicats al repositori institucional de la UOC &#8220;O2&#8221;<\/a>. Us seran d&#8217;utilitat i exemple per al desenvolupament dels vostres TFM. Tots ells constitueixen una contribuci\u00f3 valuosa a l&#8217;\u00e0mbit i posen de manifest la generaci\u00f3 de coneixements que des del M\u00e0ster es desenvolupa.<\/p>\n","protected":false},"excerpt":{"rendered":"<p>Us convidem a consultar la galeria de Treballs Finals de M\u00e0ster del &#8220;M\u00e0ster Avaluaci\u00f3 i Gesti\u00f3 de la Qualitat a l&#8217;Educaci\u00f3 Superior&#8221; publicats al repositori institucional de la UOC &#8220;O2&#8221;. Us seran d&#8217;utilitat i exemple per al desenvolupament dels vostres TFM. Tots ells constitueixen una contribuci\u00f3 valuosa a l&#8217;\u00e0mbit i posen de manifest la generaci\u00f3 [&hellip;]<\/p>\n","protected":false},"author":1,"featured_media":0,"parent":0,"menu_order":0,"comment_status":"closed","ping_status":"closed","template":"","meta":[],"_links":{"self":[{"href":"http:\/\/tfm-qes.recursos.uoc.edu\/galeria-de-tfm\/wp-json\/wp\/v2\/pages\/27"}],"collection":[{"href":"http:\/\/tfm-qes.recursos.uoc.edu\/galeria-de-tfm\/wp-json\/wp\/v2\/pages"}],"about":[{"href":"http:\/\/tfm-qes.recursos.uoc.edu\/galeria-de-tfm\/wp-json\/wp\/v2\/types\/page"}],"author":[{"embeddable":true,"href":"http:\/\/tfm-qes.recursos.uoc.edu\/galeria-de-tfm\/wp-json\/wp\/v2\/users\/1"}],"replies":[{"embeddable":true,"href":"http:\/\/tfm-qes.recursos.uoc.edu\/galeria-de-tfm\/wp-json\/wp\/v2\/comments?post=27"}],"version-history":[{"count":19,"href":"http:\/\/tfm-qes.recursos.uoc.edu\/galeria-de-tfm\/wp-json\/wp\/v2\/pages\/27\/revisions"}],"predecessor-version":[{"id":81,"href":"http:\/\/tfm-qes.recursos.uoc.edu\/galeria-de-tfm\/wp-json\/wp\/v2\/pages\/27\/revisions\/81"}],"wp:attachment":[{"href":"http:\/\/tfm-qes.recursos.uoc.edu\/galeria-de-tfm\/wp-json\/wp\/v2\/media?parent=27"}],"curies":[{"name":"wp","href":"https:\/\/api.w.org\/{rel}","templated":true}]}}